{"id":59915,"date":"2015-08-11T14:56:31","date_gmt":"2015-08-11T12:56:31","guid":{"rendered":"http:\/\/fdb.fjon.de\/?page_id=59915"},"modified":"2016-07-22T10:31:04","modified_gmt":"2016-07-22T08:31:04","slug":"sport","status":"publish","type":"page","link":"http:\/\/fdb.fjon.de\/?page_id=59915","title":{"rendered":"Sport (AFI)"},"content":{"rendered":"<p><br \/>\n<div id=\"ccchildpages-1\" class=\"ccchildpages twocol simple ccclearfix\"><div class=\"ccchildpage  ccfirst ccodd ccpage-count-1 ccpage-id-13068 ccpage-inhaltsverzeichnis ccpage-has-parent ccpage-pid-8653 ccpage-parent-indiziert\"><h3 class=\"ccpage_linked_title\"><a class=\"ccpage_title_link\" href=\"http:\/\/fdb.fjon.de\/?page_id=13068\" title=\"Filme\">Filme<\/a><\/h3><\/div><div class=\"ccchildpage  cclast cceven ccpage-count-2 ccpage-id-9678 ccpage-indizierte-filme ccpage-has-parent ccpage-pid-8653 ccpage-parent-indiziert\"><h3 class=\"ccpage_linked_title\"><a class=\"ccpage_title_link\" href=\"http:\/\/fdb.fjon.de\/?page_id=9678\" title=\"Index\">Index<\/a><\/h3><\/div><div class=\"ccchildpage  ccfirst ccodd ccpage-count-3 ccpage-id-13083 ccpage-sitemap ccpage-has-parent ccpage-pid-8653 ccpage-parent-indiziert\"><h3 class=\"ccpage_linked_title\"><a class=\"ccpage_title_link\" href=\"http:\/\/fdb.fjon.de\/?page_id=13083\" title=\"Sitemaps\">Sitemaps<\/a><\/h3><\/div><\/div><br \/>\n<div id=\"ccchildpages-2\" class=\"ccchildpages twocol ccblue ccclearfix\"><div class=\"ccchildpage  ccfirst ccodd ccpage-count-1 ccpage-id-77192 ccpage-a-z ccpage-has-parent ccpage-pid-13068 ccpage-parent-inhaltsverzeichnis\"><h3 class=\"ccpage_linked_title\"><a class=\"ccpage_title_link\" href=\"http:\/\/fdb.fjon.de\/?page_id=77192\" title=\"A-Z\">A-Z<\/a><\/h3><\/div><div class=\"ccchildpage  cclast cceven ccpage-count-2 ccpage-id-1168 ccpage-covergalerie ccpage-has-parent ccpage-pid-13068 ccpage-parent-inhaltsverzeichnis\"><h3 class=\"ccpage_linked_title\"><a class=\"ccpage_title_link\" href=\"http:\/\/fdb.fjon.de\/?page_id=1168\" title=\"Cover\">Cover<\/a><\/h3><\/div><div class=\"ccchildpage  ccfirst ccodd ccpage-count-3 ccpage-id-47010 ccpage-freigaben ccpage-has-parent ccpage-pid-13068 ccpage-parent-inhaltsverzeichnis\"><h3 class=\"ccpage_linked_title\"><a class=\"ccpage_title_link\" href=\"http:\/\/fdb.fjon.de\/?page_id=47010\" title=\"Freigaben\">Freigaben<\/a><\/h3><\/div><div class=\"ccchildpage  cclast cceven ccpage-count-4 ccpage-id-44243 ccpage-genres ccpage-has-parent ccpage-pid-13068 ccpage-parent-inhaltsverzeichnis\"><h3 class=\"ccpage_linked_title\"><a class=\"ccpage_title_link\" href=\"http:\/\/fdb.fjon.de\/?page_id=44243\" title=\"Genre\">Genre<\/a><\/h3><\/div><div class=\"ccchildpage  ccfirst ccodd ccpage-count-5 ccpage-id-51745 ccpage-laender ccpage-has-parent ccpage-pid-13068 ccpage-parent-inhaltsverzeichnis\"><h3 class=\"ccpage_linked_title\"><a class=\"ccpage_title_link\" href=\"http:\/\/fdb.fjon.de\/?page_id=51745\" title=\"L\u00e4nder\">L\u00e4nder<\/a><\/h3><\/div><div class=\"ccchildpage  cclast cceven ccpage-count-6 ccpage-id-44815 ccpage-merkmale ccpage-has-parent ccpage-pid-13068 ccpage-parent-inhaltsverzeichnis\"><h3 class=\"ccpage_linked_title\"><a class=\"ccpage_title_link\" href=\"http:\/\/fdb.fjon.de\/?page_id=44815\" title=\"Merkmale\">Merkmale<\/a><\/h3><\/div><div class=\"ccchildpage  ccfirst ccodd ccpage-count-7 ccpage-id-85999 ccpage-queer-special ccpage-has-parent ccpage-pid-13068 ccpage-parent-inhaltsverzeichnis\"><h3 class=\"ccpage_linked_title\"><a class=\"ccpage_title_link\" href=\"http:\/\/fdb.fjon.de\/?page_id=85999\" title=\"QUEER Special\">QUEER Special<\/a><\/h3><\/div><div class=\"ccchildpage  cclast cceven ccpage-count-8 ccpage-id-59900 ccpage-top-listen ccpage-has-parent ccpage-pid-13068 ccpage-parent-inhaltsverzeichnis\"><h3 class=\"ccpage_linked_title\"><a class=\"ccpage_title_link\" href=\"http:\/\/fdb.fjon.de\/?page_id=59900\" title=\"Top-Listen\">Top-Listen<\/a><\/h3><\/div><\/div><br \/>\n<div id=\"ccchildpages-3\" class=\"ccchildpages twocol ccred ccclearfix\"><ul class=\"ccchildpages_list ccclearfix\"><li class=\"page_item page-item-60153\"><a href=\"http:\/\/fdb.fjon.de\/?page_id=60153\">Backwoods (Filmstarts)<\/a><\/li>\n<li class=\"page_item page-item-59905\"><a href=\"http:\/\/fdb.fjon.de\/?page_id=59905\">Comic (AFI)<\/a><\/li>\n<li class=\"page_item page-item-59929\"><a href=\"http:\/\/fdb.fjon.de\/?page_id=59929\">Darsteller (AFI)<\/a><\/li>\n<li class=\"page_item page-item-59927\"><a href=\"http:\/\/fdb.fjon.de\/?page_id=59927\">Darstellerin (AFI)<\/a><\/li>\n<li class=\"page_item page-item-59907\"><a href=\"http:\/\/fdb.fjon.de\/?page_id=59907\">Fantasy (AFI)<\/a><\/li>\n<li class=\"page_item page-item-60155\"><a href=\"http:\/\/fdb.fjon.de\/?page_id=60155\">Film Top-100 (AFI)<\/a><\/li>\n<li class=\"page_item page-item-60157\"><a href=\"http:\/\/fdb.fjon.de\/?page_id=60157\">Filmmusik (AFI)<\/a><\/li>\n<li class=\"page_item page-item-59909\"><a href=\"http:\/\/fdb.fjon.de\/?page_id=59909\">Gangster (AFI)<\/a><\/li>\n<li class=\"page_item page-item-59921\"><a href=\"http:\/\/fdb.fjon.de\/?page_id=59921\">Gericht (AFI)<\/a><\/li>\n<li class=\"page_item page-item-59917\"><a href=\"http:\/\/fdb.fjon.de\/?page_id=59917\">Krimi (AFI)<\/a><\/li>\n<li class=\"page_item page-item-59923\"><a href=\"http:\/\/fdb.fjon.de\/?page_id=59923\">Liebe (AFI)<\/a><\/li>\n<li class=\"page_item page-item-69671\"><a href=\"http:\/\/fdb.fjon.de\/?page_id=69671\">Regie Top-100 (AFI)<\/a><\/li>\n<li class=\"page_item page-item-59919\"><a href=\"http:\/\/fdb.fjon.de\/?page_id=59919\">Romantik (AFI)<\/a><\/li>\n<li class=\"page_item page-item-59911\"><a href=\"http:\/\/fdb.fjon.de\/?page_id=59911\">Sci-Fi (AFI)<\/a><\/li>\n<li class=\"page_item page-item-59902\"><a href=\"http:\/\/fdb.fjon.de\/?page_id=59902\">Scores (AFI)<\/a><\/li>\n<li class=\"page_item page-item-59915\"><a href=\"http:\/\/fdb.fjon.de\/?page_id=59915\">Sport (AFI)<\/a><\/li>\n<li class=\"page_item page-item-59925\"><a href=\"http:\/\/fdb.fjon.de\/?page_id=59925\">Thrills (AFI)<\/a><\/li>\n<li class=\"page_item page-item-59913\"><a href=\"http:\/\/fdb.fjon.de\/?page_id=59913\">Western (AFI)<\/a><\/li><\/ul><\/div><\/p>\n<hr style=\"height: 3px; width: 100%; background-color: #eb4747;\" \/>\n&nbsp;<\/p>\n<ol>\n<li><strong>Wie ein wilder Stier (1980)<\/strong><\/li>\n<li><strong>Rocky (1976)<\/strong><\/li>\n<li><strong>Der gro\u00dfe Wurf (1942)<\/strong><\/li>\n<li><strong>Freiwurf (1986)<\/strong><\/li>\n<li><strong>Annies M\u00e4nner (1988)<\/strong><\/li>\n<li><strong>Haie der Gro\u00dfstadt (1961)<\/strong><\/li>\n<li><strong>Wahnsinn ohne Handicap (1980)<\/strong><\/li>\n<li><strong>Vier irre Typen \u2013 Wir schaffen alle, uns schafft keiner (1979)<\/strong><\/li>\n<li><strong>Kleines M\u00e4dchen, gro\u00dfes Herz (1944)<\/strong><\/li>\n<li><strong>Jerry Maguire \u2013 Spiel des Lebens (1996)<\/strong><\/li>\n<\/ol>\n<hr style=\"height: 3px; width: 100%; background-color: #eb4747;\" \/>\n","protected":false},"excerpt":{"rendered":"<p>&nbsp; Wie ein wilder Stier (1980) Rocky (1976) Der gro\u00dfe Wurf (1942) Freiwurf (1986) Annies M\u00e4nner (1988) Haie der Gro\u00dfstadt (1961) Wahnsinn ohne Handicap (1980) Vier irre Typen \u2013 Wir schaffen alle, uns schafft keiner (1979) Kleines M\u00e4dchen, gro\u00dfes Herz (1944) Jerry Maguire \u2013 Spiel des Lebens (1996)<\/p>\n","protected":false},"author":1,"featured_media":0,"parent":59900,"menu_order":0,"comment_status":"closed","ping_status":"closed","template":"","meta":{"footnotes":""},"_links":{"self":[{"href":"http:\/\/fdb.fjon.de\/index.php?rest_route=\/wp\/v2\/pages\/59915"}],"collection":[{"href":"http:\/\/fdb.fjon.de\/index.php?rest_route=\/wp\/v2\/pages"}],"about":[{"href":"http:\/\/fdb.fjon.de\/index.php?rest_route=\/wp\/v2\/types\/page"}],"author":[{"embeddable":true,"href":"http:\/\/fdb.fjon.de\/index.php?rest_route=\/wp\/v2\/users\/1"}],"replies":[{"embeddable":true,"href":"http:\/\/fdb.fjon.de\/index.php?rest_route=%2Fwp%2Fv2%2Fcomments&post=59915"}],"version-history":[{"count":0,"href":"http:\/\/fdb.fjon.de\/index.php?rest_route=\/wp\/v2\/pages\/59915\/revisions"}],"up":[{"embeddable":true,"href":"http:\/\/fdb.fjon.de\/index.php?rest_route=\/wp\/v2\/pages\/59900"}],"wp:attachment":[{"href":"http:\/\/fdb.fjon.de\/index.php?rest_route=%2Fwp%2Fv2%2Fmedia&parent=59915"}],"curies":[{"name":"wp","href":"https:\/\/api.w.org\/{rel}","templated":true}]}}