{"id":47001,"date":"2015-02-13T13:22:13","date_gmt":"2015-02-13T12:22:13","guid":{"rendered":"http:\/\/fdb.fjon.de\/?page_id=47001"},"modified":"2016-07-22T10:46:24","modified_gmt":"2016-07-22T08:46:24","slug":"asia-extrem-2","status":"publish","type":"page","link":"http:\/\/fdb.fjon.de\/?page_id=47001","title":{"rendered":"Asia-Xtreme"},"content":{"rendered":"<p><br \/>\n<div id=\"ccchildpages-1\" class=\"ccchildpages twocol simple ccclearfix\"><div class=\"ccchildpage  ccfirst ccodd ccpage-count-1 ccpage-id-77192 ccpage-a-z ccpage-has-parent ccpage-pid-13068 ccpage-parent-inhaltsverzeichnis\"><h3 class=\"ccpage_linked_title\"><a class=\"ccpage_title_link\" href=\"http:\/\/fdb.fjon.de\/?page_id=77192\" title=\"A-Z\">A-Z<\/a><\/h3><\/div><div class=\"ccchildpage  cclast cceven ccpage-count-2 ccpage-id-1168 ccpage-covergalerie ccpage-has-parent ccpage-pid-13068 ccpage-parent-inhaltsverzeichnis\"><h3 class=\"ccpage_linked_title\"><a class=\"ccpage_title_link\" href=\"http:\/\/fdb.fjon.de\/?page_id=1168\" title=\"Cover\">Cover<\/a><\/h3><\/div><div class=\"ccchildpage  ccfirst ccodd ccpage-count-3 ccpage-id-47010 ccpage-freigaben ccpage-has-parent ccpage-pid-13068 ccpage-parent-inhaltsverzeichnis\"><h3 class=\"ccpage_linked_title\"><a class=\"ccpage_title_link\" href=\"http:\/\/fdb.fjon.de\/?page_id=47010\" title=\"Freigaben\">Freigaben<\/a><\/h3><\/div><div class=\"ccchildpage  cclast cceven ccpage-count-4 ccpage-id-44243 ccpage-genres ccpage-has-parent ccpage-pid-13068 ccpage-parent-inhaltsverzeichnis\"><h3 class=\"ccpage_linked_title\"><a class=\"ccpage_title_link\" href=\"http:\/\/fdb.fjon.de\/?page_id=44243\" title=\"Genre\">Genre<\/a><\/h3><\/div><div class=\"ccchildpage  ccfirst ccodd ccpage-count-5 ccpage-id-51745 ccpage-laender ccpage-has-parent ccpage-pid-13068 ccpage-parent-inhaltsverzeichnis\"><h3 class=\"ccpage_linked_title\"><a class=\"ccpage_title_link\" href=\"http:\/\/fdb.fjon.de\/?page_id=51745\" title=\"L\u00e4nder\">L\u00e4nder<\/a><\/h3><\/div><div class=\"ccchildpage  cclast cceven ccpage-count-6 ccpage-id-44815 ccpage-merkmale ccpage-has-parent ccpage-pid-13068 ccpage-parent-inhaltsverzeichnis\"><h3 class=\"ccpage_linked_title\"><a class=\"ccpage_title_link\" href=\"http:\/\/fdb.fjon.de\/?page_id=44815\" title=\"Merkmale\">Merkmale<\/a><\/h3><\/div><div class=\"ccchildpage  ccfirst ccodd ccpage-count-7 ccpage-id-85999 ccpage-queer-special ccpage-has-parent ccpage-pid-13068 ccpage-parent-inhaltsverzeichnis\"><h3 class=\"ccpage_linked_title\"><a class=\"ccpage_title_link\" href=\"http:\/\/fdb.fjon.de\/?page_id=85999\" title=\"QUEER Special\">QUEER Special<\/a><\/h3><\/div><div class=\"ccchildpage  cclast cceven ccpage-count-8 ccpage-id-59900 ccpage-top-listen ccpage-has-parent ccpage-pid-13068 ccpage-parent-inhaltsverzeichnis\"><h3 class=\"ccpage_linked_title\"><a class=\"ccpage_title_link\" href=\"http:\/\/fdb.fjon.de\/?page_id=59900\" title=\"Top-Listen\">Top-Listen<\/a><\/h3><\/div><\/div><br \/>\n<div id=\"ccchildpages-2\" class=\"ccchildpages twocol ccred ccclearfix\"><div class=\"ccchildpage  ccfirst ccodd ccpage-count-1 ccpage-id-47001 ccpage-asia-extrem-2 ccpage-has-parent ccpage-pid-44815 ccpage-parent-merkmale\"><h3 class=\"ccpage_linked_title\"><a class=\"ccpage_title_link\" href=\"http:\/\/fdb.fjon.de\/?page_id=47001\" title=\"Asia-Xtreme\">Asia-Xtreme<\/a><\/h3><\/div><div class=\"ccchildpage  cclast cceven ccpage-count-2 ccpage-id-47295 ccpage-bluray ccpage-has-parent ccpage-pid-44815 ccpage-parent-merkmale\"><h3 class=\"ccpage_linked_title\"><a class=\"ccpage_title_link\" href=\"http:\/\/fdb.fjon.de\/?page_id=47295\" title=\"Blu-ray\">Blu-ray<\/a><\/h3><\/div><div class=\"ccchildpage  ccfirst ccodd ccpage-count-3 ccpage-id-49859 ccpage-dsk-digitalesicherungskopie ccpage-has-parent ccpage-pid-44815 ccpage-parent-merkmale\"><h3 class=\"ccpage_linked_title\"><a class=\"ccpage_title_link\" href=\"http:\/\/fdb.fjon.de\/?page_id=49859\" title=\"DSK (Backup)\">DSK (Backup)<\/a><\/h3><\/div><div class=\"ccchildpage  cclast cceven ccpage-count-4 ccpage-id-47297 ccpage-dvd ccpage-has-parent ccpage-pid-44815 ccpage-parent-merkmale\"><h3 class=\"ccpage_linked_title\"><a class=\"ccpage_title_link\" href=\"http:\/\/fdb.fjon.de\/?page_id=47297\" title=\"DVD\">DVD<\/a><\/h3><\/div><div class=\"ccchildpage  ccfirst ccodd ccpage-count-5 ccpage-id-46995 ccpage-limited-edition ccpage-has-parent ccpage-pid-44815 ccpage-parent-merkmale\"><h3 class=\"ccpage_linked_title\"><a class=\"ccpage_title_link\" href=\"http:\/\/fdb.fjon.de\/?page_id=46995\" title=\"Limited-Edition\">Limited-Edition<\/a><\/h3><\/div><div class=\"ccchildpage  cclast cceven ccpage-count-6 ccpage-id-47003 ccpage-mediabook ccpage-has-parent ccpage-pid-44815 ccpage-parent-merkmale\"><h3 class=\"ccpage_linked_title\"><a class=\"ccpage_title_link\" href=\"http:\/\/fdb.fjon.de\/?page_id=47003\" title=\"Mediabook\">Mediabook<\/a><\/h3><\/div><div class=\"ccchildpage  ccfirst ccodd ccpage-count-7 ccpage-id-46997 ccpage-special-edition ccpage-has-parent ccpage-pid-44815 ccpage-parent-merkmale\"><h3 class=\"ccpage_linked_title\"><a class=\"ccpage_title_link\" href=\"http:\/\/fdb.fjon.de\/?page_id=46997\" title=\"Special-Edition\">Special-Edition<\/a><\/h3><\/div><div class=\"ccchildpage  cclast cceven ccpage-count-8 ccpage-id-53935 ccpage-svcd ccpage-has-parent ccpage-pid-44815 ccpage-parent-merkmale\"><h3 class=\"ccpage_linked_title\"><a class=\"ccpage_title_link\" href=\"http:\/\/fdb.fjon.de\/?page_id=53935\" title=\"SVCD\">SVCD<\/a><\/h3><\/div><div class=\"ccchildpage  ccfirst ccodd ccpage-count-9 ccpage-id-46999 ccpage-top-tip ccpage-has-parent ccpage-pid-44815 ccpage-parent-merkmale\"><h3 class=\"ccpage_linked_title\"><a class=\"ccpage_title_link\" href=\"http:\/\/fdb.fjon.de\/?page_id=46999\" title=\"Top-Tip\">Top-Tip<\/a><\/h3><\/div><\/div><\/p>\n<hr style=\"height: 3px; width: 100%; background-color: #eb4747;\" \/>\n&nbsp;<br \/>\n<strong><span style=\"font-size: 12pt;\"><ul class=\"lcp_catlist\" id=\"lcp_instance_0\"><li><a href=\"http:\/\/fdb.fjon.de\/?p=10625\">All Night Long (1992) &#8211; [CAT III] &#8211; [UNRATED]<\/a><\/li><li><a href=\"http:\/\/fdb.fjon.de\/?p=29511\">All Night Long 2 (Ooru naito rongu: Sanji) (1995) &#8211; [CAT III] &#8211; [UNCUT]<\/a><\/li><li><a href=\"http:\/\/fdb.fjon.de\/?p=47869\">All Night Long 2 (Ooru naito rongu: Sanji) [DD] (1995) &#8211; [LIMITED CAT III EDITION] \u2013 [UNCUT]<\/a><\/li><li><a href=\"http:\/\/fdb.fjon.de\/?p=4559\">All Night Long 3 (Ooru naito ronga 3: Sanji) (1996) &#8211; [CAT III] &#8211; [UNCUT]<\/a><\/li><li><a href=\"http:\/\/fdb.fjon.de\/?p=30277\">Audition (\u00d4dishon) (1999) &#8211; [UNCUT]<\/a><\/li><li><a href=\"http:\/\/fdb.fjon.de\/?p=60396\">Beautiful Fucking Day (Kuso subarashii kono sekai) [BD] (2013) &#8211; [LIMITED MEDIABOOK EDITION] &#8211; [UNRATED]<\/a><\/li><li><a href=\"http:\/\/fdb.fjon.de\/?p=60398\">Beautiful Fucking Day (Kuso subarashii kono sekai) [DD] (2013) &#8211; [LIMITED MEDIABOOK EDITION] &#8211; [UNRATED]<\/a><\/li><li><a href=\"http:\/\/fdb.fjon.de\/?p=123674\">Butcher, The [DD] (2007) &#8211; [OmU] &#8211; [UNRATED]<\/a><\/li><li><a href=\"http:\/\/fdb.fjon.de\/?p=9378\">Carved: The Slit Mouthed Woman (2007)<\/a><\/li><li><a href=\"http:\/\/fdb.fjon.de\/?p=9303\">Chinese Torture Chamber Story 2, A (1998) &#8211; [CAT III] &#8211; [UNRATED]<\/a><\/li><li><a href=\"http:\/\/fdb.fjon.de\/?p=54776\">Chinese Torture Chamber Story 2, A [DD] (1998) &#8211; [LIMITED CAT III HARTBOX EDITION] &#8211; [UNRATED]<\/a><\/li><li><a href=\"http:\/\/fdb.fjon.de\/?p=9305\">Chinese Torture Chamber Story, A (1995) &#8211; [CAT III] &#8211; [UNRATED]<\/a><\/li><li><a href=\"http:\/\/fdb.fjon.de\/?p=59706\">Claypot Curry Killers (Tolong! Awek Aku Pontianak) [BD] (2010) &#8211; [LIMITED MEDIABOOK EDITION] &#8211; [UNRATED]<\/a><\/li><li><a href=\"http:\/\/fdb.fjon.de\/?p=59710\">Claypot Curry Killers (Tolong! Awek Aku Pontianak) [DD] (2010) &#8211; [LIMITED MEDIABOOK EDITION] &#8211; [UNRATED]<\/a><\/li><li><a href=\"http:\/\/fdb.fjon.de\/?p=80241\">Deadball (Deddoboru) [BD] (2011) &#8211; [LIMITED MEDIABOOK EDITION] \u2013 [UNRATED]<\/a><\/li><li><a href=\"http:\/\/fdb.fjon.de\/?p=80244\">Deadball (Deddoboru) [DD] (2011) &#8211; [LIMITED MEDIABOOK EDITION] \u2013 [UNRATED]<\/a><\/li><li><a href=\"http:\/\/fdb.fjon.de\/?p=80247\">Deadball (Deddoboru) [DD] (2011) &#8211; [LIMITED MEDIABOOK EDITION] \u2013 [UNRATED]<\/a><\/li><li><a href=\"http:\/\/fdb.fjon.de\/?p=1349\">Dr. Lamb (1992) &#8211; [CAT III] &#8211; [UNRATED]<\/a><\/li><li><a href=\"http:\/\/fdb.fjon.de\/?p=10557\">Dream Home (Wai dor lei ah yut ho) (2010) &#8211; [UNRATED]<\/a><\/li><li><a href=\"http:\/\/fdb.fjon.de\/?p=10553\">Dream Home (Wai dor lei ah yut ho) [BD] (2010) &#8211; [LIMITED MEDIABOOK EDITION] &#8211; [UNRATED]<\/a><\/li><li><a href=\"http:\/\/fdb.fjon.de\/?p=10555\">Dream Home (Wai dor lei ah yut ho) [DD] (2010) &#8211; [LIMITED MEDIABOOK EDITION] &#8211; [UNRATED]<\/a><\/li><li><a href=\"http:\/\/fdb.fjon.de\/?p=12598\">Ebola Syndrom (1996) &#8211; [CAT III] &#8211; [UNRATED]<\/a><\/li><li><a href=\"http:\/\/fdb.fjon.de\/?p=19992\">Erotibot &#8211; It&#8217;s Always a Pleasure (Karei naru erogami-ke no ichizoku: Shins\u00f4 reij\u00f4 wa denki shitsuji no yume o miru ka) (2011) &#8211; [LANGFASSUNG] &#8211; [UNRATED]<\/a><\/li><li><a href=\"http:\/\/fdb.fjon.de\/?p=59692\">Evil Feed [BD] (2013) &#8211; [LIMITED MEDIABOOK EDITION] &#8211; [UNRATED]<\/a><\/li><li><a href=\"http:\/\/fdb.fjon.de\/?p=59694\">Evil Feed [DD] (2013) &#8211; [LIMITED MEDIABOOK EDITION] &#8211; [UNRATED]<\/a><\/li><li><a href=\"http:\/\/fdb.fjon.de\/?p=47899\">Flower and Snake (Hana to hebi) [DD] (2004) &#8211; [UNRATED]<\/a><\/li><li><a href=\"http:\/\/fdb.fjon.de\/?p=28178\">Gothic &#038; Lolita Psycho (Gosurori shokeinin) (2010) &#8211; [UNRATED]<\/a><\/li><li><a href=\"http:\/\/fdb.fjon.de\/?p=28181\">Gothic &#038; Lolita Psycho (Gosurori shokeinin) [BD] (2010) &#8211; (LIMITED MEDIABOOK EDITION] &#8211; [UNRATED]<\/a><\/li><li><a href=\"http:\/\/fdb.fjon.de\/?p=28184\">Gothic &#038; Lolita Psycho (Gosurori shokeinin) [DD] (2010) &#8211; (LIMITED MEDIABOOK EDITION] &#8211; [UNRATED]<\/a><\/li><li><a href=\"http:\/\/fdb.fjon.de\/?p=14734\">Grotesque (Gurotesuku) (2009) &#8211; [CAT III] &#8211; [UNCUT]<\/a><\/li><li><a href=\"http:\/\/fdb.fjon.de\/?p=24405\">Grotesque (Gurotesuku) [BD] (2009) &#8211; [CAT III] &#8211; [LIMITED MEDIABOOK EDITION] &#8211; [UNRATED]<\/a><\/li><li><a href=\"http:\/\/fdb.fjon.de\/?p=14805\">Grotesque (Gurotesuku) [BD] (2009) &#8211; [LIMITED CAT III EDITION] &#8211; [UNCUT]<\/a><\/li><li><a href=\"http:\/\/fdb.fjon.de\/?p=24407\">Grotesque (Gurotesuku) [DD] (2009) &#8211; [CAT III] &#8211; [LIMITED MEDIABOOK EDITION] &#8211; [UNCUT]<\/a><\/li><li><a href=\"http:\/\/fdb.fjon.de\/?p=33824\">Guinea Pig 1: Devil&#8217;s Experiment (Guinea Pig: Gin\u00ee piggu &#8211; Akuma no jikken) (1985) &#8211; [UNRATED]<\/a><\/li><li><a href=\"http:\/\/fdb.fjon.de\/?p=70546\">Guinea Pig 1: Devil&#8217;s Experiment (Guinea Pig: Gin\u00ee piggu &#8211; Akuma no jikken) (1985) \u2013 [KOMPLETTBOX 6+2 TEILE] \u2013 [LIMITED MEDIABOOK EDITION] \u2013 [UNRATED]<\/a><\/li><li><a href=\"http:\/\/fdb.fjon.de\/?p=33821\">Guinea Pig 2: Flowers of Flesh and Blood (Gin\u00ee piggu 2: Chiniku no hana) (1985) &#8211; [UNRATED]<\/a><\/li><li><a href=\"http:\/\/fdb.fjon.de\/?p=70542\">Guinea Pig 2: Flowers of Flesh and Blood (Gin\u00ee piggu 2: Chiniku no hana) [BD] (1985) \u2013 [KOMPLETTBOX 6+2 TEILE] \u2013 [LIMITED MEDIABOOK EDITION] \u2013 [UNRATED]<\/a><\/li><li><a href=\"http:\/\/fdb.fjon.de\/?p=33819\">Guinea Pig 3: He Never Dies (Gin\u00ee piggu 3: Senritsu! Shinanai otoko) (1986) &#8211; [UNRATED]<\/a><\/li><li><a href=\"http:\/\/fdb.fjon.de\/?p=70538\">Guinea Pig 3: He Never Dies (Gin\u00ee piggu 3: Senritsu! Shinanai otoko) [BD] (1986) \u2013 [KOMPLETTBOX 6+2 TEILE] \u2013 [LIMITED MEDIABOOK EDITION] \u2013 [UNRATED]<\/a><\/li><li><a href=\"http:\/\/fdb.fjon.de\/?p=33817\">Guinea Pig 4: Devil Woman Doctor (Gin\u00ee piggu 4: P\u00eet\u00e2 no akuma no joi-san) (1986) &#8211; [UNCUT]<\/a><\/li><li><a href=\"http:\/\/fdb.fjon.de\/?p=33815\">Guinea Pig 5: Android of Notre Dame (N\u00f4toru Damu no andoroido) (1988) &#8211; [UNRATED]<\/a><\/li><li><a href=\"http:\/\/fdb.fjon.de\/?p=33813\">Guinea Pig 6: Mermaid in the Manhole ( Gin\u00ee piggu: Manh\u00f4ru no naka no ningyo) (1988) &#8211; [UNRATED]<\/a><\/li><li><a href=\"http:\/\/fdb.fjon.de\/?p=70521\">Guinea Pig 6: Mermaid in the Manhole ( Gin\u00ee piggu: Manh\u00f4ru no naka no ningyo) [BD] (1988) &#8211; [KOMPLETTBOX 6+2 TEILE] &#8211; [LIMITED MEDIABOOK EDITION] &#8211; [UNRATED]<\/a><\/li><li><a href=\"http:\/\/fdb.fjon.de\/?p=33826\">Guinea Pig 7: Lucky Sky Diamond (1989) &#8211; [UNRATED]<\/a><\/li><li><a href=\"http:\/\/fdb.fjon.de\/?p=33828\">Guinea Pig: Best Of (1994) &#8211; [UNRATED]<\/a><\/li><li><a href=\"http:\/\/fdb.fjon.de\/?p=70550\">Guinea Pig: Best Of [BD] (1994) \u2013 [KOMPLETTBOX 6+2 TEILE] \u2013 [LIMITED MEDIABOOK EDITION] \u2013 [UNRATED]<\/a><\/li><li><a href=\"http:\/\/fdb.fjon.de\/?p=28218\">Gun Woman (Nyotaiju Gun Woman) (2013) &#8211; [UNRATED]<\/a><\/li><li><a href=\"http:\/\/fdb.fjon.de\/?p=28223\">Gun Woman (Nyotaiju Gun Woman) [BD] (2013) \u2013 [LIMITED MEDIABOOK EDITION] \u2013 [UNRATED]<\/a><\/li><li><a href=\"http:\/\/fdb.fjon.de\/?p=28220\">Gun Woman (Nyotaiju Gun Woman) [DD] (2013) &#8211; [LIMITED MEDIABOOK EDITION] &#8211; [UNRATED]<\/a><\/li><li><a href=\"http:\/\/fdb.fjon.de\/?p=73574\">Helldriver (Nihon bundan: Heru doraib\u00e2) [BD] (2010) \u2013 [LIMITED MEDIABOOK EDITION] \u2013 [UNRATED]<\/a><\/li><li><a href=\"http:\/\/fdb.fjon.de\/?p=73572\">Helldriver (Nihon bundan: Heru doraib\u00e2) [DD] (2010) \u2013 [LIMITED MEDIABOOK EDITION] \u2013 [UNRATED]<\/a><\/li><li><a href=\"http:\/\/fdb.fjon.de\/?p=4820\">Hellevator (Gusha no bindume) (2004) &#8211; [UNRATED]<\/a><\/li><li><a href=\"http:\/\/fdb.fjon.de\/?p=127222\">Hellevator (Gusha no bindume) [EP] (2004) &#8211; [UNRATED]<\/a><\/li><li><a href=\"http:\/\/fdb.fjon.de\/?p=22724\">Horny House of Horror (Fasshon heru(su)) (2010) &#8211; [LIMITED MEDIABOOK EDITION] &#8211; [UNRATED]<\/a><\/li><li><a href=\"http:\/\/fdb.fjon.de\/?p=22719\">Horny House of Horror (Fasshon heru(su)) [BD] (2010) &#8211; [LIMITED MEDIABOOK EDITION] &#8211; [UNRATED]<\/a><\/li><li><a href=\"http:\/\/fdb.fjon.de\/?p=15364\">Horrible Way to Die, A &#8211; Liebe tut weh (2010) &#8211; [UNCUT]<\/a><\/li><li><a href=\"http:\/\/fdb.fjon.de\/?p=10685\">I Saw the Devil &#8211; Rache ist ein tiefer Abgrund (2010) &#8211; [UNCUT]<\/a><\/li><li><a href=\"http:\/\/fdb.fjon.de\/?p=137875\">I Saw the Devil &#8211; Rache ist ein tiefer Abgrund [BD] (2010) &#8211; [LIMITED MEDIABOOK EDITION] &#8211; [UNCUT]<\/a><\/li><li><a href=\"http:\/\/fdb.fjon.de\/?p=137878\">I Saw the Devil &#8211; Rache ist ein tiefer Abgrund [DD] (2010) &#8211; [LIMITED MEDIABOOK EDITION] &#8211; [UNCUT]<\/a><\/li><li><a href=\"http:\/\/fdb.fjon.de\/?p=15469\">Ichi the Killer (2001) &#8211; [UNCUT]<\/a><\/li><li><a href=\"http:\/\/fdb.fjon.de\/?p=29709\">Invitation Only (Jue ming pai dui) (2009) &#8211; [CAT III] &#8211; [UNRATED]<\/a><\/li><li><a href=\"http:\/\/fdb.fjon.de\/?p=29765\">Invitation Only (Jue ming pai dui) [DD] (2009) &#8211; [LIMITED CAT III HARTBOX EDITION] &#8211; [UNRATED]<\/a><\/li><li><a href=\"http:\/\/fdb.fjon.de\/?p=128572\">Kodoku: Meatball Machine (Kodoku 2) [BD] (2017) &#8211; [LIMITED MEDIABOOK EDITION] &#8211; [UNRATED]<\/a><\/li><li><a href=\"http:\/\/fdb.fjon.de\/?p=128567\">Kodoku: Meatball Machine (Kodoku 2) [DD] (2017) &#8211; [LIMITED MEDIABOOK EDITION] &#8211; [UNRATED]<\/a><\/li><li><a href=\"http:\/\/fdb.fjon.de\/?p=81424\">Lesson of the Evil (2012) &#8211; [UNCUT]<\/a><\/li><li><a href=\"http:\/\/fdb.fjon.de\/?p=4259\">Machine Girl, The &#8211; It&#8217;s Payback Time! (Kataude mashin g\u00e2ru) (2008) &#8211; [UNRATED]<\/a><\/li><li><a href=\"http:\/\/fdb.fjon.de\/?p=20441\">Machine Girl, The &#8211; It&#8217;s Payback Time! (Kataude mashin g\u00e2ru) [BD] (2008) &#8211; [LIMITED MEDIABOOK EDITION] &#8211; [UNRATED]<\/a><\/li><li><a href=\"http:\/\/fdb.fjon.de\/?p=20438\">Machine Girl, The &#8211; It&#8217;s Payback Time! (Kataude mashin g\u00e2ru) [DD] (2008) &#8211; [LIMITED MEDIABOOK EDITION] &#8211; [UNRATED]<\/a><\/li><li><a href=\"http:\/\/fdb.fjon.de\/?p=33810\">Making of Guinea Pig (1986) &#8211; [UNRATED]<\/a><\/li><li><a href=\"http:\/\/fdb.fjon.de\/?p=70512\">Making of Guinea Pig [BD] (1986) &#8211; [KOMPLETTBOX 6+2 TEILE] &#8211; [LIMITED MEDIABOOK EDITION] &#8211; [UNRATED]<\/a><\/li><li><a href=\"http:\/\/fdb.fjon.de\/?p=5350\">Men Behind the Sun (Hei tai yang 731) (1988) &#8211; [CAT III] &#8211; [UNRATED]<\/a><\/li><li><a href=\"http:\/\/fdb.fjon.de\/?p=37969\">Men Behind the Sun (Hei tai yang 731) [DD] (1988) &#8211; [LIMITED CAT III HARTBOX EDITION] &#8211; [UNRATED]<\/a><\/li><li><a href=\"http:\/\/fdb.fjon.de\/?p=4827\">Men Behind the Sun 2: Laboratory of the Devil (Hei tai yang 731 xu ji zhi sha ren gong chang) (1992) &#8211; [CAT III] &#8211; [UNRATED]<\/a><\/li><li><a href=\"http:\/\/fdb.fjon.de\/?p=37966\">Men Behind the Sun 2: Laboratory of the Devil (Hei tai yang 731 xu ji zhi sha ren gong chang) [DD] (1992) &#8211; [LIMITED CAT III HARTBOX EDITION] &#8211; [UNRATED]<\/a><\/li><li><a href=\"http:\/\/fdb.fjon.de\/?p=20551\">Moebius, die Lust, das Messer (Moebiuseu) (2013) &#8211; [UNCUT]<\/a><\/li><li><a href=\"http:\/\/fdb.fjon.de\/?p=47926\">Morbidia &#8211; Der Tod ist erst der Anfang (Zai shi zhui hun) [DD] (1992) &#8211; [LIMITED CAT III HARTBOX EDITION] &#8211; [UNRATED]<\/a><\/li><li><a href=\"http:\/\/fdb.fjon.de\/?p=13446\">Naked Blood (Nekeddo bur\u00e2ddo: Megyaku) (1995) &#8211; [UNRATED]<\/a><\/li><li><a href=\"http:\/\/fdb.fjon.de\/?p=52473\">Raining Blood &#8211; Run for your Life! (Raivu) (2014) &#8211; [UNCUT]<\/a><\/li><li><a href=\"http:\/\/fdb.fjon.de\/?p=310\">Red to Kill (Ruo sha \/ Yeuk saat) (1994) &#8211; [CAT III] &#8211; [UNRATED]<\/a><\/li><li><a href=\"http:\/\/fdb.fjon.de\/?p=109207\">Red to Kill (Ruo sha \/ Yeuk saat) [DD] (1994) &#8211; [LIMITED CAT III EDITION] &#8211; [NEUAUFLAGE] &#8211; [UNRATED]<\/a><\/li><li><a href=\"http:\/\/fdb.fjon.de\/?p=9429\">Revenge: Sympathy for the Devil (Fuk sau che chi sei) (2010) &#8211; [CAT III] &#8211; [UNRATED]<\/a><\/li><li><a href=\"http:\/\/fdb.fjon.de\/?p=68896\">Story of Ricky &#8211; Riki-Oh (Lik Wong) (1991) &#8211; [UNCUT]<\/a><\/li><li><a href=\"http:\/\/fdb.fjon.de\/?p=70572\">Story of Ricky &#8211; Riki-Oh (Lik Wong) [BD] (1991) &#8211; [UNCUT]<\/a><\/li><li><a href=\"http:\/\/fdb.fjon.de\/?p=80239\">Tag (Riaru Onigokko) [BD] (2015) &#8211; [LIMITED MEDIABOOK EDITION] \u2013 [UNRATED]<\/a><\/li><li><a href=\"http:\/\/fdb.fjon.de\/?p=80233\">Tag (Riaru Onigokko) [DD] (2015) &#8211; [LIMITED MEDIABOOK EDITION] \u2013 [UNRATED]<\/a><\/li><li><a href=\"http:\/\/fdb.fjon.de\/?p=2916\">Tokyo Gore Police (T\u00f4ky\u00f4 zankoku keisatsu) (2008) &#8211; [UNRATED]<\/a><\/li><li><a href=\"http:\/\/fdb.fjon.de\/?p=20436\">Tokyo Gore Police (T\u00f4ky\u00f4 zankoku keisatsu) [BD] (2008) &#8211; [LIMITED MEDIABOOK EDITION] &#8211; [UNRATED]<\/a><\/li><li><a href=\"http:\/\/fdb.fjon.de\/?p=20429\">Tokyo Gore Police (T\u00f4ky\u00f4 zankoku keisatsu) [DD] (2008) &#8211; [LIMITED MEDIABOOK EDITION] &#8211; [UNRATED]<\/a><\/li><li><a href=\"http:\/\/fdb.fjon.de\/?p=107468\">Tokyo Grand Guignol (2014) &#8211; [UNRATED]<\/a><\/li><li><a href=\"http:\/\/fdb.fjon.de\/?p=2801\">Tokyo Psycho (2004) &#8211; [UNRATED]<\/a><\/li><li><a href=\"http:\/\/fdb.fjon.de\/?p=23795\">Vampire Girl vs. Frankenstein Girl (2009) &#8211; [UNRATED]<\/a><\/li><li><a href=\"http:\/\/fdb.fjon.de\/?p=73647\">Vampire Girl vs. Frankenstein Girl [DD] (2009) &#8211; [UNRATED]<\/a><\/li><li><a href=\"http:\/\/fdb.fjon.de\/?p=25458\">Versus (2000) &#8211; [UNRATED]<\/a><\/li><li><a href=\"http:\/\/fdb.fjon.de\/?p=11358\">Versus [DD] (2000) * C U T *<\/a><\/li><li><a href=\"http:\/\/fdb.fjon.de\/?p=30557\">Versus [DD] (2000) &#8211; [JAPAN-DVD] &#8211; [UNRATED] &#8211; [R1]<\/a><\/li><li><a href=\"http:\/\/fdb.fjon.de\/?p=49650\">Versus [DD] (2000) &#8211; [SPECIAL ULTIMATE EDITION] &#8211; [UNRATED] &#8211; [R1]<\/a><\/li><li><a href=\"http:\/\/fdb.fjon.de\/?p=126546\">Versus [EP] (2000) &#8211; [SPECIAL ULTIMATE EDITION] &#8211; [UNRATED]<\/a><\/li><li><a href=\"http:\/\/fdb.fjon.de\/?p=25277\">Zombie Ass: Toilet of the Dead (Zonbi asu) (2011) &#8211; [UNRATED]<\/a><\/li><li><a href=\"http:\/\/fdb.fjon.de\/?p=18370\">Zombie Girl (Tomie: Anrimiteddo) (2011) &#8211; [UNRATED]<\/a><\/li><li><a href=\"http:\/\/fdb.fjon.de\/?p=80553\">Zombie J\u00e4gerin Rika &#8211; Zombie Hunter Rika (Saiky\u00f4 heiki joshik\u00f4sei: Rika &#8211; Zonbi hant\u00e2 vs saiky\u00f4 zonbi Gurorian) (2008) &#8211; [UNCUT]<\/a><\/li><\/ul><\/span><\/strong><\/p>\n<hr style=\"height: 3px; width: 100%; background-color: #eb4747;\" \/>\n","protected":false},"excerpt":{"rendered":"<p>&nbsp;<\/p>\n","protected":false},"author":1,"featured_media":0,"parent":44815,"menu_order":0,"comment_status":"closed","ping_status":"closed","template":"","meta":{"footnotes":""},"_links":{"self":[{"href":"http:\/\/fdb.fjon.de\/index.php?rest_route=\/wp\/v2\/pages\/47001"}],"collection":[{"href":"http:\/\/fdb.fjon.de\/index.php?rest_route=\/wp\/v2\/pages"}],"about":[{"href":"http:\/\/fdb.fjon.de\/index.php?rest_route=\/wp\/v2\/types\/page"}],"author":[{"embeddable":true,"href":"http:\/\/fdb.fjon.de\/index.php?rest_route=\/wp\/v2\/users\/1"}],"replies":[{"embeddable":true,"href":"http:\/\/fdb.fjon.de\/index.php?rest_route=%2Fwp%2Fv2%2Fcomments&post=47001"}],"version-history":[{"count":0,"href":"http:\/\/fdb.fjon.de\/index.php?rest_route=\/wp\/v2\/pages\/47001\/revisions"}],"up":[{"embeddable":true,"href":"http:\/\/fdb.fjon.de\/index.php?rest_route=\/wp\/v2\/pages\/44815"}],"wp:attachment":[{"href":"http:\/\/fdb.fjon.de\/index.php?rest_route=%2Fwp%2Fv2%2Fmedia&parent=47001"}],"curies":[{"name":"wp","href":"https:\/\/api.w.org\/{rel}","templated":true}]}}