{"id":46917,"date":"2015-02-13T11:02:19","date_gmt":"2015-02-13T10:02:19","guid":{"rendered":"http:\/\/fdb.fjon.de\/?page_id=46917"},"modified":"2016-07-22T11:28:37","modified_gmt":"2016-07-22T09:28:37","slug":"musikfilm","status":"publish","type":"page","link":"http:\/\/fdb.fjon.de\/?page_id=46917","title":{"rendered":"Musik"},"content":{"rendered":"<p><br \/>\n<div id=\"ccchildpages-1\" class=\"ccchildpages twocol simple ccclearfix\"><div class=\"ccchildpage  ccfirst ccodd ccpage-count-1 ccpage-id-13068 ccpage-inhaltsverzeichnis ccpage-has-parent ccpage-pid-8653 ccpage-parent-indiziert\"><h3 class=\"ccpage_linked_title\"><a class=\"ccpage_title_link\" href=\"http:\/\/fdb.fjon.de\/?page_id=13068\" title=\"Filme\">Filme<\/a><\/h3><\/div><div class=\"ccchildpage  cclast cceven ccpage-count-2 ccpage-id-9678 ccpage-indizierte-filme ccpage-has-parent ccpage-pid-8653 ccpage-parent-indiziert\"><h3 class=\"ccpage_linked_title\"><a class=\"ccpage_title_link\" href=\"http:\/\/fdb.fjon.de\/?page_id=9678\" title=\"Index\">Index<\/a><\/h3><\/div><div class=\"ccchildpage  ccfirst ccodd ccpage-count-3 ccpage-id-13083 ccpage-sitemap ccpage-has-parent ccpage-pid-8653 ccpage-parent-indiziert\"><h3 class=\"ccpage_linked_title\"><a class=\"ccpage_title_link\" href=\"http:\/\/fdb.fjon.de\/?page_id=13083\" title=\"Sitemaps\">Sitemaps<\/a><\/h3><\/div><\/div><br \/>\n<div id=\"ccchildpages-2\" class=\"ccchildpages twocol ccblue ccclearfix\"><div class=\"ccchildpage  ccfirst ccodd ccpage-count-1 ccpage-id-77192 ccpage-a-z ccpage-has-parent ccpage-pid-13068 ccpage-parent-inhaltsverzeichnis\"><h3 class=\"ccpage_linked_title\"><a class=\"ccpage_title_link\" href=\"http:\/\/fdb.fjon.de\/?page_id=77192\" title=\"A-Z\">A-Z<\/a><\/h3><\/div><div class=\"ccchildpage  cclast cceven ccpage-count-2 ccpage-id-1168 ccpage-covergalerie ccpage-has-parent ccpage-pid-13068 ccpage-parent-inhaltsverzeichnis\"><h3 class=\"ccpage_linked_title\"><a class=\"ccpage_title_link\" href=\"http:\/\/fdb.fjon.de\/?page_id=1168\" title=\"Cover\">Cover<\/a><\/h3><\/div><div class=\"ccchildpage  ccfirst ccodd ccpage-count-3 ccpage-id-47010 ccpage-freigaben ccpage-has-parent ccpage-pid-13068 ccpage-parent-inhaltsverzeichnis\"><h3 class=\"ccpage_linked_title\"><a class=\"ccpage_title_link\" href=\"http:\/\/fdb.fjon.de\/?page_id=47010\" title=\"Freigaben\">Freigaben<\/a><\/h3><\/div><div class=\"ccchildpage  cclast cceven ccpage-count-4 ccpage-id-44243 ccpage-genres ccpage-has-parent ccpage-pid-13068 ccpage-parent-inhaltsverzeichnis\"><h3 class=\"ccpage_linked_title\"><a class=\"ccpage_title_link\" href=\"http:\/\/fdb.fjon.de\/?page_id=44243\" title=\"Genre\">Genre<\/a><\/h3><\/div><div class=\"ccchildpage  ccfirst ccodd ccpage-count-5 ccpage-id-51745 ccpage-laender ccpage-has-parent ccpage-pid-13068 ccpage-parent-inhaltsverzeichnis\"><h3 class=\"ccpage_linked_title\"><a class=\"ccpage_title_link\" href=\"http:\/\/fdb.fjon.de\/?page_id=51745\" title=\"L\u00e4nder\">L\u00e4nder<\/a><\/h3><\/div><div class=\"ccchildpage  cclast cceven ccpage-count-6 ccpage-id-44815 ccpage-merkmale ccpage-has-parent ccpage-pid-13068 ccpage-parent-inhaltsverzeichnis\"><h3 class=\"ccpage_linked_title\"><a class=\"ccpage_title_link\" href=\"http:\/\/fdb.fjon.de\/?page_id=44815\" title=\"Merkmale\">Merkmale<\/a><\/h3><\/div><div class=\"ccchildpage  ccfirst ccodd ccpage-count-7 ccpage-id-85999 ccpage-queer-special ccpage-has-parent ccpage-pid-13068 ccpage-parent-inhaltsverzeichnis\"><h3 class=\"ccpage_linked_title\"><a class=\"ccpage_title_link\" href=\"http:\/\/fdb.fjon.de\/?page_id=85999\" title=\"QUEER Special\">QUEER Special<\/a><\/h3><\/div><div class=\"ccchildpage  cclast cceven ccpage-count-8 ccpage-id-59900 ccpage-top-listen ccpage-has-parent ccpage-pid-13068 ccpage-parent-inhaltsverzeichnis\"><h3 class=\"ccpage_linked_title\"><a class=\"ccpage_title_link\" href=\"http:\/\/fdb.fjon.de\/?page_id=59900\" title=\"Top-Listen\">Top-Listen<\/a><\/h3><\/div><\/div><br \/>\n<div id=\"ccchildpages-3\" class=\"ccchildpages twocol ccred ccclearfix\"><ul class=\"ccchildpages_list ccclearfix\"><li class=\"page_item page-item-44245\"><a href=\"http:\/\/fdb.fjon.de\/?page_id=44245\">Abenteuer<\/a><\/li>\n<li class=\"page_item page-item-44261\"><a href=\"http:\/\/fdb.fjon.de\/?page_id=44261\">Action<\/a><\/li>\n<li class=\"page_item page-item-46224\"><a href=\"http:\/\/fdb.fjon.de\/?page_id=46224\">Amateur<\/a><\/li>\n<li class=\"page_item page-item-46883\"><a href=\"http:\/\/fdb.fjon.de\/?page_id=46883\">Animation<\/a><\/li>\n<li class=\"page_item page-item-46885\"><a href=\"http:\/\/fdb.fjon.de\/?page_id=46885\">Avantgarde<\/a><\/li>\n<li class=\"page_item page-item-46887\"><a href=\"http:\/\/fdb.fjon.de\/?page_id=46887\">Biografie<\/a><\/li>\n<li class=\"page_item page-item-44263\"><a href=\"http:\/\/fdb.fjon.de\/?page_id=44263\">Comedy<\/a><\/li>\n<li class=\"page_item page-item-46889\"><a href=\"http:\/\/fdb.fjon.de\/?page_id=46889\">Disney<\/a><\/li>\n<li class=\"page_item page-item-46254\"><a href=\"http:\/\/fdb.fjon.de\/?page_id=46254\">Doku<\/a><\/li>\n<li class=\"page_item page-item-46232\"><a href=\"http:\/\/fdb.fjon.de\/?page_id=46232\">Drama<\/a><\/li>\n<li class=\"page_item page-item-46894\"><a href=\"http:\/\/fdb.fjon.de\/?page_id=46894\">Eastern<\/a><\/li>\n<li class=\"page_item page-item-46256\"><a href=\"http:\/\/fdb.fjon.de\/?page_id=46256\">Erotik<\/a><\/li>\n<li class=\"page_item page-item-46896\"><a href=\"http:\/\/fdb.fjon.de\/?page_id=46896\">Experimental<\/a><\/li>\n<li class=\"page_item page-item-46234\"><a href=\"http:\/\/fdb.fjon.de\/?page_id=46234\">Exploitation<\/a><\/li>\n<li class=\"page_item page-item-46236\"><a href=\"http:\/\/fdb.fjon.de\/?page_id=46236\">Fantasy<\/a><\/li>\n<li class=\"page_item page-item-46239\"><a href=\"http:\/\/fdb.fjon.de\/?page_id=46239\">Folter<\/a><\/li>\n<li class=\"page_item page-item-46901\"><a href=\"http:\/\/fdb.fjon.de\/?page_id=46901\">Gore<\/a><\/li>\n<li class=\"page_item page-item-46903\"><a href=\"http:\/\/fdb.fjon.de\/?page_id=46903\">Grusel<\/a><\/li>\n<li class=\"page_item page-item-46241\"><a href=\"http:\/\/fdb.fjon.de\/?page_id=46241\">History<\/a><\/li>\n<li class=\"page_item page-item-44265\"><a href=\"http:\/\/fdb.fjon.de\/?page_id=44265\">Horror<\/a><\/li>\n<li class=\"page_item page-item-46259\"><a href=\"http:\/\/fdb.fjon.de\/?page_id=46259\">Kampfsport<\/a><\/li>\n<li class=\"page_item page-item-46243\"><a href=\"http:\/\/fdb.fjon.de\/?page_id=46243\">Katastrophe<\/a><\/li>\n<li class=\"page_item page-item-46245\"><a href=\"http:\/\/fdb.fjon.de\/?page_id=46245\">Kids \/ Familie<\/a><\/li>\n<li class=\"page_item page-item-46908\"><a href=\"http:\/\/fdb.fjon.de\/?page_id=46908\">Krieg<\/a><\/li>\n<li class=\"page_item page-item-46910\"><a href=\"http:\/\/fdb.fjon.de\/?page_id=46910\">Krimi<\/a><\/li>\n<li class=\"page_item page-item-46913\"><a href=\"http:\/\/fdb.fjon.de\/?page_id=46913\">Kurzfilm<\/a><\/li>\n<li class=\"page_item page-item-46261\"><a href=\"http:\/\/fdb.fjon.de\/?page_id=46261\">Liebe<\/a><\/li>\n<li class=\"page_item page-item-71717\"><a href=\"http:\/\/fdb.fjon.de\/?page_id=71717\">Martial-Arts<\/a><\/li>\n<li class=\"page_item page-item-46915\"><a href=\"http:\/\/fdb.fjon.de\/?page_id=46915\">Mondo<\/a><\/li>\n<li class=\"page_item page-item-46917\"><a href=\"http:\/\/fdb.fjon.de\/?page_id=46917\">Musik<\/a><\/li>\n<li class=\"page_item page-item-46248\"><a href=\"http:\/\/fdb.fjon.de\/?page_id=46248\">Mystery<\/a><\/li>\n<li class=\"page_item page-item-46250\"><a href=\"http:\/\/fdb.fjon.de\/?page_id=46250\">Nostalgie<\/a><\/li>\n<li class=\"page_item page-item-46252\"><a href=\"http:\/\/fdb.fjon.de\/?page_id=46252\">Queer<\/a><\/li>\n<li class=\"page_item page-item-46919\"><a href=\"http:\/\/fdb.fjon.de\/?page_id=46919\">Roadmovie<\/a><\/li>\n<li class=\"page_item page-item-44271\"><a href=\"http:\/\/fdb.fjon.de\/?page_id=44271\">Sci-Fi<\/a><\/li>\n<li class=\"page_item page-item-46922\"><a href=\"http:\/\/fdb.fjon.de\/?page_id=46922\">Sex<\/a><\/li>\n<li class=\"page_item page-item-46265\"><a href=\"http:\/\/fdb.fjon.de\/?page_id=46265\">Splatter<\/a><\/li>\n<li class=\"page_item page-item-46924\"><a href=\"http:\/\/fdb.fjon.de\/?page_id=46924\">Sport<\/a><\/li>\n<li class=\"page_item page-item-44273\"><a href=\"http:\/\/fdb.fjon.de\/?page_id=44273\">Thriller<\/a><\/li>\n<li class=\"page_item page-item-46927\"><a href=\"http:\/\/fdb.fjon.de\/?page_id=46927\">Tierfilm<\/a><\/li>\n<li class=\"page_item page-item-46929\"><a href=\"http:\/\/fdb.fjon.de\/?page_id=46929\">Torture<\/a><\/li>\n<li class=\"page_item page-item-46267\"><a href=\"http:\/\/fdb.fjon.de\/?page_id=46267\">Western<\/a><\/li><\/ul><\/div><\/p>\n<hr style=\"height: 3px; width: 100%; background-color: #eb4747;\" \/>\n&nbsp;<br \/>\n<strong><span style=\"font-size: 12pt;\"><ul class=\"lcp_catlist\" id=\"lcp_instance_0\"><li><a href=\"http:\/\/fdb.fjon.de\/?p=988\">Aladdin (1992)<\/a><\/li><li><a href=\"http:\/\/fdb.fjon.de\/?p=11151\">Aladdin (1992)<\/a><\/li><li><a href=\"http:\/\/fdb.fjon.de\/?p=65403\">Aladdin und der K\u00f6nig der Diebe (Aladdin and the King of Thieves) (1996)<\/a><\/li><li><a href=\"http:\/\/fdb.fjon.de\/?p=44184\">Alles tanzt nach meiner Pfeife (L&#8217;homme orchestre) (1970)<\/a><\/li><li><a href=\"http:\/\/fdb.fjon.de\/?p=61000\">Bang Bang! (2014)<\/a><\/li><li><a href=\"http:\/\/fdb.fjon.de\/?p=65\">Berlin Calling (2008)<\/a><\/li><li><a href=\"http:\/\/fdb.fjon.de\/?p=4663\">Bodyguard (1992)<\/a><\/li><li><a href=\"http:\/\/fdb.fjon.de\/?p=128625\">Daft Punk Unchained (2015)<\/a><\/li><li><a href=\"http:\/\/fdb.fjon.de\/?p=9459\">Dirty Dancing (1987)<\/a><\/li><li><a href=\"http:\/\/fdb.fjon.de\/?p=357\">Dschungelbuch 2, Das (2003)<\/a><\/li><li><a href=\"http:\/\/fdb.fjon.de\/?p=359\">Dschungelbuch, Das (1967)<\/a><\/li><li><a href=\"http:\/\/fdb.fjon.de\/?p=22275\">Eisk\u00f6nigin, Die &#8211; V\u00f6llig unverfroren (Frozen) (2013)<\/a><\/li><li><a href=\"http:\/\/fdb.fjon.de\/?p=20179\">Falco &#8211; Verdammt, wir leben noch! (2008)<\/a><\/li><li><a href=\"http:\/\/fdb.fjon.de\/?p=33845\">F\u00f6gi ist ein Sauhund &#8211; Der Traum vom schlafenden Hund (Ter F\u00f6gi ische Souhung) (1998) &#8211; [UNCUT]<\/a><\/li><li><a href=\"http:\/\/fdb.fjon.de\/?p=4249\">Full Metal Village (2006)<\/a><\/li><li><a href=\"http:\/\/fdb.fjon.de\/?p=64713\">Gib Gas &#8211; Ich will Spa\u00df! (1983)<\/a><\/li><li><a href=\"http:\/\/fdb.fjon.de\/?p=136578\">Hans Zimmer Live (2017)<\/a><\/li><li><a href=\"http:\/\/fdb.fjon.de\/?p=9461\">Happy Feet (2006)<\/a><\/li><li><a href=\"http:\/\/fdb.fjon.de\/?p=9463\">Happy Feet 2 (2011)<\/a><\/li><li><a href=\"http:\/\/fdb.fjon.de\/?p=18976\">Happy Fish 2 &#8211; Hai-Alarm im Hochwasser (Reef 2: High Tide) (2012)<\/a><\/li><li><a href=\"http:\/\/fdb.fjon.de\/?p=11256\">Hercules (1997)<\/a><\/li><li><a href=\"http:\/\/fdb.fjon.de\/?p=83159\">Holding the Man [DD] (2015) &#8211; [OmU]<\/a><\/li><li><a href=\"http:\/\/fdb.fjon.de\/?p=15303\">Homies (2011)<\/a><\/li><li><a href=\"http:\/\/fdb.fjon.de\/?p=11029\">House of Boys (2009)<\/a><\/li><li><a href=\"http:\/\/fdb.fjon.de\/?p=32226\">Im Himmel ist die H\u00f6lle los (Hullygully in K\u00e4seburg) (1983)<\/a><\/li><li><a href=\"http:\/\/fdb.fjon.de\/?p=83286\">Into the Woods (2014)<\/a><\/li><li><a href=\"http:\/\/fdb.fjon.de\/?p=33890\">Jack und das Kuckucksuhrherz (2013)<\/a><\/li><li><a href=\"http:\/\/fdb.fjon.de\/?p=68857\">Jazzclub &#8211; Der fr\u00fche Vogel f\u00e4ngt den Wurm (2004)<\/a><\/li><li><a href=\"http:\/\/fdb.fjon.de\/?p=25455\">Jenseits der Stille (1996)<\/a><\/li><li><a href=\"http:\/\/fdb.fjon.de\/?p=29698\">Klang des Herzens, Der (August Rush) (2007)<\/a><\/li><li><a href=\"http:\/\/fdb.fjon.de\/?p=1255\">K\u00f6nig der L\u00f6wen 2, Der &#8211; Simbas K\u00f6nigreich (1998)<\/a><\/li><li><a href=\"http:\/\/fdb.fjon.de\/?p=11056\">K\u00f6nig der L\u00f6wen, Der (1994)<\/a><\/li><li><a href=\"http:\/\/fdb.fjon.de\/?p=11058\">K\u00f6nig der L\u00f6wen, Der (1994)<\/a><\/li><li><a href=\"http:\/\/fdb.fjon.de\/?p=5027\">K\u00f6nigin der Verdammten, Die &#8211; Herrin aller Vampire (2002)<\/a><\/li><li><a href=\"http:\/\/fdb.fjon.de\/?p=4549\">K\u00fcss den Frosch (2009)<\/a><\/li><li><a href=\"http:\/\/fdb.fjon.de\/?p=72427\">Letzte Auftrag, Der [DD] (2014) &#8211; [SPECIAL JOS\u00c9 HIDALGO SIGNIERTE EDITION] &#8211; [UNCUT]<\/a><\/li><li><a href=\"http:\/\/fdb.fjon.de\/?p=9390\">Magic Mike (2012)<\/a><\/li><li><a href=\"http:\/\/fdb.fjon.de\/?p=15924\">Mein Mann, das Wirtschaftswunder (1961)<\/a><\/li><li><a href=\"http:\/\/fdb.fjon.de\/?p=12102\">Michael Jackson&#8217;s This Is It (2009)<\/a><\/li><li><a href=\"http:\/\/fdb.fjon.de\/?p=116\">Moonwalker (1988)<\/a><\/li><li><a href=\"http:\/\/fdb.fjon.de\/?p=31531\">Petite Mort 2, La &#8211; Nasty Tapes (2014) &#8211; [LIMITED MEDIABOOK EDITION] &#8211; [SOUNDTRACK]<\/a><\/li><li><a href=\"http:\/\/fdb.fjon.de\/?p=10617\">Poultrygeist: Night of the Chicken Dead (2006) &#8211; [UNRATED]<\/a><\/li><li><a href=\"http:\/\/fdb.fjon.de\/?p=107741\">Poultrygeist: Night of the Chicken Dead [BD] (2006) &#8211; [LIMITED MEDIABOOK EDITION] &#8211; [UNRATED]<\/a><\/li><li><a href=\"http:\/\/fdb.fjon.de\/?p=107739\">Poultrygeist: Night of the Chicken Dead [DD] (2006) &#8211; [LIMITED MEDIABOOK EDITION] &#8211; [UNRATED]<\/a><\/li><li><a href=\"http:\/\/fdb.fjon.de\/?p=14149\">Rapunzel &#8211; Neu verf\u00f6hnt (2010)<\/a><\/li><li><a href=\"http:\/\/fdb.fjon.de\/?p=11738\">Reise ins Labyrinth, Die (1986)<\/a><\/li><li><a href=\"http:\/\/fdb.fjon.de\/?p=33532\">Stage Fright (2014) &#8211; [UNCUT]<\/a><\/li><li><a href=\"http:\/\/fdb.fjon.de\/?p=11505\">Verschwende deine Jugend (2003)<\/a><\/li><li><a href=\"http:\/\/fdb.fjon.de\/?p=83123\">W\u00e4re die Welt mein (Were the World Mine) [DD] (2008) &#8211; [OmU]<\/a><\/li><li><a href=\"http:\/\/fdb.fjon.de\/?p=55405\">Whiplash (2014)<\/a><\/li><li><a href=\"http:\/\/fdb.fjon.de\/?p=82472\">Wild for the Night (48 Hours to Live) (2016) &#8211; [UNCUT]<\/a><\/li><li><a href=\"http:\/\/fdb.fjon.de\/?p=15910\">Witwer mit f\u00fcnf T\u00f6chtern (1957)<\/a><\/li><\/ul><\/span><\/strong><\/p>\n<hr style=\"height: 3px; width: 100%; background-color: #eb4747;\" \/>\n","protected":false},"excerpt":{"rendered":"<p>&nbsp;<\/p>\n","protected":false},"author":1,"featured_media":0,"parent":44243,"menu_order":0,"comment_status":"closed","ping_status":"closed","template":"","meta":{"footnotes":""},"_links":{"self":[{"href":"http:\/\/fdb.fjon.de\/index.php?rest_route=\/wp\/v2\/pages\/46917"}],"collection":[{"href":"http:\/\/fdb.fjon.de\/index.php?rest_route=\/wp\/v2\/pages"}],"about":[{"href":"http:\/\/fdb.fjon.de\/index.php?rest_route=\/wp\/v2\/types\/page"}],"author":[{"embeddable":true,"href":"http:\/\/fdb.fjon.de\/index.php?rest_route=\/wp\/v2\/users\/1"}],"replies":[{"embeddable":true,"href":"http:\/\/fdb.fjon.de\/index.php?rest_route=%2Fwp%2Fv2%2Fcomments&post=46917"}],"version-history":[{"count":0,"href":"http:\/\/fdb.fjon.de\/index.php?rest_route=\/wp\/v2\/pages\/46917\/revisions"}],"up":[{"embeddable":true,"href":"http:\/\/fdb.fjon.de\/index.php?rest_route=\/wp\/v2\/pages\/44243"}],"wp:attachment":[{"href":"http:\/\/fdb.fjon.de\/index.php?rest_route=%2Fwp%2Fv2%2Fmedia&parent=46917"}],"curies":[{"name":"wp","href":"https:\/\/api.w.org\/{rel}","templated":true}]}}