{"id":46913,"date":"2015-02-13T10:57:40","date_gmt":"2015-02-13T09:57:40","guid":{"rendered":"http:\/\/fdb.fjon.de\/?page_id=46913"},"modified":"2016-07-22T12:21:19","modified_gmt":"2016-07-22T10:21:19","slug":"kurzfilm","status":"publish","type":"page","link":"http:\/\/fdb.fjon.de\/?page_id=46913","title":{"rendered":"Kurzfilm"},"content":{"rendered":"<p><br \/>\n<div id=\"ccchildpages-1\" class=\"ccchildpages twocol simple ccclearfix\"><div class=\"ccchildpage  ccfirst ccodd ccpage-count-1 ccpage-id-13068 ccpage-inhaltsverzeichnis ccpage-has-parent ccpage-pid-8653 ccpage-parent-indiziert\"><h3 class=\"ccpage_linked_title\"><a class=\"ccpage_title_link\" href=\"http:\/\/fdb.fjon.de\/?page_id=13068\" title=\"Filme\">Filme<\/a><\/h3><\/div><div class=\"ccchildpage  cclast cceven ccpage-count-2 ccpage-id-9678 ccpage-indizierte-filme ccpage-has-parent ccpage-pid-8653 ccpage-parent-indiziert\"><h3 class=\"ccpage_linked_title\"><a class=\"ccpage_title_link\" href=\"http:\/\/fdb.fjon.de\/?page_id=9678\" title=\"Index\">Index<\/a><\/h3><\/div><div class=\"ccchildpage  ccfirst ccodd ccpage-count-3 ccpage-id-13083 ccpage-sitemap ccpage-has-parent ccpage-pid-8653 ccpage-parent-indiziert\"><h3 class=\"ccpage_linked_title\"><a class=\"ccpage_title_link\" href=\"http:\/\/fdb.fjon.de\/?page_id=13083\" title=\"Sitemaps\">Sitemaps<\/a><\/h3><\/div><\/div><br \/>\n<div id=\"ccchildpages-2\" class=\"ccchildpages twocol ccblue ccclearfix\"><div class=\"ccchildpage  ccfirst ccodd ccpage-count-1 ccpage-id-77192 ccpage-a-z ccpage-has-parent ccpage-pid-13068 ccpage-parent-inhaltsverzeichnis\"><h3 class=\"ccpage_linked_title\"><a class=\"ccpage_title_link\" href=\"http:\/\/fdb.fjon.de\/?page_id=77192\" title=\"A-Z\">A-Z<\/a><\/h3><\/div><div class=\"ccchildpage  cclast cceven ccpage-count-2 ccpage-id-1168 ccpage-covergalerie ccpage-has-parent ccpage-pid-13068 ccpage-parent-inhaltsverzeichnis\"><h3 class=\"ccpage_linked_title\"><a class=\"ccpage_title_link\" href=\"http:\/\/fdb.fjon.de\/?page_id=1168\" title=\"Cover\">Cover<\/a><\/h3><\/div><div class=\"ccchildpage  ccfirst ccodd ccpage-count-3 ccpage-id-47010 ccpage-freigaben ccpage-has-parent ccpage-pid-13068 ccpage-parent-inhaltsverzeichnis\"><h3 class=\"ccpage_linked_title\"><a class=\"ccpage_title_link\" href=\"http:\/\/fdb.fjon.de\/?page_id=47010\" title=\"Freigaben\">Freigaben<\/a><\/h3><\/div><div class=\"ccchildpage  cclast cceven ccpage-count-4 ccpage-id-44243 ccpage-genres ccpage-has-parent ccpage-pid-13068 ccpage-parent-inhaltsverzeichnis\"><h3 class=\"ccpage_linked_title\"><a class=\"ccpage_title_link\" href=\"http:\/\/fdb.fjon.de\/?page_id=44243\" title=\"Genre\">Genre<\/a><\/h3><\/div><div class=\"ccchildpage  ccfirst ccodd ccpage-count-5 ccpage-id-51745 ccpage-laender ccpage-has-parent ccpage-pid-13068 ccpage-parent-inhaltsverzeichnis\"><h3 class=\"ccpage_linked_title\"><a class=\"ccpage_title_link\" href=\"http:\/\/fdb.fjon.de\/?page_id=51745\" title=\"L\u00e4nder\">L\u00e4nder<\/a><\/h3><\/div><div class=\"ccchildpage  cclast cceven ccpage-count-6 ccpage-id-44815 ccpage-merkmale ccpage-has-parent ccpage-pid-13068 ccpage-parent-inhaltsverzeichnis\"><h3 class=\"ccpage_linked_title\"><a class=\"ccpage_title_link\" href=\"http:\/\/fdb.fjon.de\/?page_id=44815\" title=\"Merkmale\">Merkmale<\/a><\/h3><\/div><div class=\"ccchildpage  ccfirst ccodd ccpage-count-7 ccpage-id-85999 ccpage-queer-special ccpage-has-parent ccpage-pid-13068 ccpage-parent-inhaltsverzeichnis\"><h3 class=\"ccpage_linked_title\"><a class=\"ccpage_title_link\" href=\"http:\/\/fdb.fjon.de\/?page_id=85999\" title=\"QUEER Special\">QUEER Special<\/a><\/h3><\/div><div class=\"ccchildpage  cclast cceven ccpage-count-8 ccpage-id-59900 ccpage-top-listen ccpage-has-parent ccpage-pid-13068 ccpage-parent-inhaltsverzeichnis\"><h3 class=\"ccpage_linked_title\"><a class=\"ccpage_title_link\" href=\"http:\/\/fdb.fjon.de\/?page_id=59900\" title=\"Top-Listen\">Top-Listen<\/a><\/h3><\/div><\/div><br \/>\n<div id=\"ccchildpages-3\" class=\"ccchildpages twocol ccred ccclearfix\"><ul class=\"ccchildpages_list ccclearfix\"><li class=\"page_item page-item-44245\"><a href=\"http:\/\/fdb.fjon.de\/?page_id=44245\">Abenteuer<\/a><\/li>\n<li class=\"page_item page-item-44261\"><a href=\"http:\/\/fdb.fjon.de\/?page_id=44261\">Action<\/a><\/li>\n<li class=\"page_item page-item-46224\"><a href=\"http:\/\/fdb.fjon.de\/?page_id=46224\">Amateur<\/a><\/li>\n<li class=\"page_item page-item-46883\"><a href=\"http:\/\/fdb.fjon.de\/?page_id=46883\">Animation<\/a><\/li>\n<li class=\"page_item page-item-46885\"><a href=\"http:\/\/fdb.fjon.de\/?page_id=46885\">Avantgarde<\/a><\/li>\n<li class=\"page_item page-item-46887\"><a href=\"http:\/\/fdb.fjon.de\/?page_id=46887\">Biografie<\/a><\/li>\n<li class=\"page_item page-item-44263\"><a href=\"http:\/\/fdb.fjon.de\/?page_id=44263\">Comedy<\/a><\/li>\n<li class=\"page_item page-item-46889\"><a href=\"http:\/\/fdb.fjon.de\/?page_id=46889\">Disney<\/a><\/li>\n<li class=\"page_item page-item-46254\"><a href=\"http:\/\/fdb.fjon.de\/?page_id=46254\">Doku<\/a><\/li>\n<li class=\"page_item page-item-46232\"><a href=\"http:\/\/fdb.fjon.de\/?page_id=46232\">Drama<\/a><\/li>\n<li class=\"page_item page-item-46894\"><a href=\"http:\/\/fdb.fjon.de\/?page_id=46894\">Eastern<\/a><\/li>\n<li class=\"page_item page-item-46256\"><a href=\"http:\/\/fdb.fjon.de\/?page_id=46256\">Erotik<\/a><\/li>\n<li class=\"page_item page-item-46896\"><a href=\"http:\/\/fdb.fjon.de\/?page_id=46896\">Experimental<\/a><\/li>\n<li class=\"page_item page-item-46234\"><a href=\"http:\/\/fdb.fjon.de\/?page_id=46234\">Exploitation<\/a><\/li>\n<li class=\"page_item page-item-46236\"><a href=\"http:\/\/fdb.fjon.de\/?page_id=46236\">Fantasy<\/a><\/li>\n<li class=\"page_item page-item-46239\"><a href=\"http:\/\/fdb.fjon.de\/?page_id=46239\">Folter<\/a><\/li>\n<li class=\"page_item page-item-46901\"><a href=\"http:\/\/fdb.fjon.de\/?page_id=46901\">Gore<\/a><\/li>\n<li class=\"page_item page-item-46903\"><a href=\"http:\/\/fdb.fjon.de\/?page_id=46903\">Grusel<\/a><\/li>\n<li class=\"page_item page-item-46241\"><a href=\"http:\/\/fdb.fjon.de\/?page_id=46241\">History<\/a><\/li>\n<li class=\"page_item page-item-44265\"><a href=\"http:\/\/fdb.fjon.de\/?page_id=44265\">Horror<\/a><\/li>\n<li class=\"page_item page-item-46259\"><a href=\"http:\/\/fdb.fjon.de\/?page_id=46259\">Kampfsport<\/a><\/li>\n<li class=\"page_item page-item-46243\"><a href=\"http:\/\/fdb.fjon.de\/?page_id=46243\">Katastrophe<\/a><\/li>\n<li class=\"page_item page-item-46245\"><a href=\"http:\/\/fdb.fjon.de\/?page_id=46245\">Kids \/ Familie<\/a><\/li>\n<li class=\"page_item page-item-46908\"><a href=\"http:\/\/fdb.fjon.de\/?page_id=46908\">Krieg<\/a><\/li>\n<li class=\"page_item page-item-46910\"><a href=\"http:\/\/fdb.fjon.de\/?page_id=46910\">Krimi<\/a><\/li>\n<li class=\"page_item page-item-46913\"><a href=\"http:\/\/fdb.fjon.de\/?page_id=46913\">Kurzfilm<\/a><\/li>\n<li class=\"page_item page-item-46261\"><a href=\"http:\/\/fdb.fjon.de\/?page_id=46261\">Liebe<\/a><\/li>\n<li class=\"page_item page-item-71717\"><a href=\"http:\/\/fdb.fjon.de\/?page_id=71717\">Martial-Arts<\/a><\/li>\n<li class=\"page_item page-item-46915\"><a href=\"http:\/\/fdb.fjon.de\/?page_id=46915\">Mondo<\/a><\/li>\n<li class=\"page_item page-item-46917\"><a href=\"http:\/\/fdb.fjon.de\/?page_id=46917\">Musik<\/a><\/li>\n<li class=\"page_item page-item-46248\"><a href=\"http:\/\/fdb.fjon.de\/?page_id=46248\">Mystery<\/a><\/li>\n<li class=\"page_item page-item-46250\"><a href=\"http:\/\/fdb.fjon.de\/?page_id=46250\">Nostalgie<\/a><\/li>\n<li class=\"page_item page-item-46252\"><a href=\"http:\/\/fdb.fjon.de\/?page_id=46252\">Queer<\/a><\/li>\n<li class=\"page_item page-item-46919\"><a href=\"http:\/\/fdb.fjon.de\/?page_id=46919\">Roadmovie<\/a><\/li>\n<li class=\"page_item page-item-44271\"><a href=\"http:\/\/fdb.fjon.de\/?page_id=44271\">Sci-Fi<\/a><\/li>\n<li class=\"page_item page-item-46922\"><a href=\"http:\/\/fdb.fjon.de\/?page_id=46922\">Sex<\/a><\/li>\n<li class=\"page_item page-item-46265\"><a href=\"http:\/\/fdb.fjon.de\/?page_id=46265\">Splatter<\/a><\/li>\n<li class=\"page_item page-item-46924\"><a href=\"http:\/\/fdb.fjon.de\/?page_id=46924\">Sport<\/a><\/li>\n<li class=\"page_item page-item-44273\"><a href=\"http:\/\/fdb.fjon.de\/?page_id=44273\">Thriller<\/a><\/li>\n<li class=\"page_item page-item-46927\"><a href=\"http:\/\/fdb.fjon.de\/?page_id=46927\">Tierfilm<\/a><\/li>\n<li class=\"page_item page-item-46929\"><a href=\"http:\/\/fdb.fjon.de\/?page_id=46929\">Torture<\/a><\/li>\n<li class=\"page_item page-item-46267\"><a href=\"http:\/\/fdb.fjon.de\/?page_id=46267\">Western<\/a><\/li><\/ul><\/div><\/p>\n<hr style=\"height: 3px; width: 100%; background-color: #eb4747;\" \/>\n&nbsp;<br \/>\n<strong><span style=\"font-size: 12pt;\"><ul class=\"lcp_catlist\" id=\"lcp_instance_0\"><li><a href=\"http:\/\/fdb.fjon.de\/?p=80989\">Black Lava\u00b4s Trash Container [DD] (2002 &#8211; 2009) &#8211; [KURZFILME] &#8211; [UNRATED]<\/a><\/li><li><a href=\"http:\/\/fdb.fjon.de\/?p=31053\">Carne Vale &#8211; Fastnacht der toten Seelen (2004) &#8211; [KURZFILM] &#8211; [UNRATED]<\/a><\/li><li><a href=\"http:\/\/fdb.fjon.de\/?p=107855\">Dead Man&#8217;s Blues, A (2002) &#8211; [KURZFILM]<\/a><\/li><li><a href=\"http:\/\/fdb.fjon.de\/?p=48144\">Deutschland&#8217;s next Masters of Trash [DD] (1997) &#8211; [SPECIAL -GRAUSAME- EDITION] &#8211; [KURZFILME] &#8211; [UNRATED]<\/a><\/li><li><a href=\"http:\/\/fdb.fjon.de\/?p=80998\">El Gore\u00b4s Snuff Tape Anthology [DD] (2014 \/ 2015) &#8211; [SPECIAL DOUBLE DIGIPAK ENHOUSED EDITION] &#8211; [KURZFILME] &#8211; [UNRATED]<\/a><\/li><li><a href=\"http:\/\/fdb.fjon.de\/?p=54749\">Fist of Jesus [BD] (2012) &#8211; [KURZFILM] &#8211; [UNRATED]<\/a><\/li><li><a href=\"http:\/\/fdb.fjon.de\/?p=7942\">Gabelstapler-Klaus kehrt zur\u00fcck &#8211; Jetzt muss der Chef fahren (2012) &#8211; [Kurzfilm]<\/a><\/li><li><a href=\"http:\/\/fdb.fjon.de\/?p=81005\">Grindhouse Shortfilm Collection [DD] (2010 &#8211; 2015) &#8211; [SPECIAL DIGIPAK EDITION] &#8211; [KURZFILME] &#8211; [UNRATED]<\/a><\/li><li><a href=\"http:\/\/fdb.fjon.de\/?p=67920\">Homophobia (2012) &#8211; [Kurzfilm]<\/a><\/li><li><a href=\"http:\/\/fdb.fjon.de\/?p=2780\">I&#8217;ll See You In My Dreams (2003) &#8211; [Kurzfilm] &#8211; [UNCUT]<\/a><\/li><li><a href=\"http:\/\/fdb.fjon.de\/?p=15464\">Ice Age &#8211; Keine Zeit f\u00fcr N\u00fcsse (2006) &#8211; [KURZFILM]<\/a><\/li><li><a href=\"http:\/\/fdb.fjon.de\/?p=15482\">IMAX: Blue Planet &#8211; Ein Portrait der Erde [DD] (1990) &#8211; [KURZFILM]<\/a><\/li><li><a href=\"http:\/\/fdb.fjon.de\/?p=3880\">Kettens\u00e4gen Zombies Redux (2010) &#8211; [Kurzfilm] &#8211; [UNRATED]<\/a><\/li><li><a href=\"http:\/\/fdb.fjon.de\/?p=28820\">Liebe [DD] (2014) &#8211; [Kurzfilm] &#8211; [UNCUT]<\/a><\/li><li><a href=\"http:\/\/fdb.fjon.de\/?p=63608\">Sch\u00e4ferhund S\u00fc\u00df-Sauer [DD] (2013) &#8211; [KURZFILM] &#8211; [UNRATED]<\/a><\/li><li><a href=\"http:\/\/fdb.fjon.de\/?p=11327\">Staplerfahrer Klaus &#8211; Der erste Arbeitstag [DD] (2001) &#8211; [KURZFILM] &#8211; [UNCUT]<\/a><\/li><\/ul><\/span><\/strong><\/p>\n<hr style=\"height: 3px; width: 100%; background-color: #eb4747;\" \/>\n","protected":false},"excerpt":{"rendered":"<p>&nbsp;<\/p>\n","protected":false},"author":1,"featured_media":0,"parent":44243,"menu_order":0,"comment_status":"closed","ping_status":"closed","template":"","meta":{"footnotes":""},"_links":{"self":[{"href":"http:\/\/fdb.fjon.de\/index.php?rest_route=\/wp\/v2\/pages\/46913"}],"collection":[{"href":"http:\/\/fdb.fjon.de\/index.php?rest_route=\/wp\/v2\/pages"}],"about":[{"href":"http:\/\/fdb.fjon.de\/index.php?rest_route=\/wp\/v2\/types\/page"}],"author":[{"embeddable":true,"href":"http:\/\/fdb.fjon.de\/index.php?rest_route=\/wp\/v2\/users\/1"}],"replies":[{"embeddable":true,"href":"http:\/\/fdb.fjon.de\/index.php?rest_route=%2Fwp%2Fv2%2Fcomments&post=46913"}],"version-history":[{"count":0,"href":"http:\/\/fdb.fjon.de\/index.php?rest_route=\/wp\/v2\/pages\/46913\/revisions"}],"up":[{"embeddable":true,"href":"http:\/\/fdb.fjon.de\/index.php?rest_route=\/wp\/v2\/pages\/44243"}],"wp:attachment":[{"href":"http:\/\/fdb.fjon.de\/index.php?rest_route=%2Fwp%2Fv2%2Fmedia&parent=46913"}],"curies":[{"name":"wp","href":"https:\/\/api.w.org\/{rel}","templated":true}]}}