{"id":46889,"date":"2015-02-13T10:02:10","date_gmt":"2015-02-13T09:02:10","guid":{"rendered":"http:\/\/fdb.fjon.de\/?page_id=46889"},"modified":"2016-07-22T12:18:01","modified_gmt":"2016-07-22T10:18:01","slug":"disney","status":"publish","type":"page","link":"http:\/\/fdb.fjon.de\/?page_id=46889","title":{"rendered":"Disney"},"content":{"rendered":"<p><br \/>\n<div id=\"ccchildpages-1\" class=\"ccchildpages twocol simple ccclearfix\"><div class=\"ccchildpage  ccfirst ccodd ccpage-count-1 ccpage-id-13068 ccpage-inhaltsverzeichnis ccpage-has-parent ccpage-pid-8653 ccpage-parent-indiziert\"><h3 class=\"ccpage_linked_title\"><a class=\"ccpage_title_link\" href=\"http:\/\/fdb.fjon.de\/?page_id=13068\" title=\"Filme\">Filme<\/a><\/h3><\/div><div class=\"ccchildpage  cclast cceven ccpage-count-2 ccpage-id-9678 ccpage-indizierte-filme ccpage-has-parent ccpage-pid-8653 ccpage-parent-indiziert\"><h3 class=\"ccpage_linked_title\"><a class=\"ccpage_title_link\" href=\"http:\/\/fdb.fjon.de\/?page_id=9678\" title=\"Index\">Index<\/a><\/h3><\/div><div class=\"ccchildpage  ccfirst ccodd ccpage-count-3 ccpage-id-13083 ccpage-sitemap ccpage-has-parent ccpage-pid-8653 ccpage-parent-indiziert\"><h3 class=\"ccpage_linked_title\"><a class=\"ccpage_title_link\" href=\"http:\/\/fdb.fjon.de\/?page_id=13083\" title=\"Sitemaps\">Sitemaps<\/a><\/h3><\/div><\/div><br \/>\n<div id=\"ccchildpages-2\" class=\"ccchildpages twocol ccblue ccclearfix\"><div class=\"ccchildpage  ccfirst ccodd ccpage-count-1 ccpage-id-77192 ccpage-a-z ccpage-has-parent ccpage-pid-13068 ccpage-parent-inhaltsverzeichnis\"><h3 class=\"ccpage_linked_title\"><a class=\"ccpage_title_link\" href=\"http:\/\/fdb.fjon.de\/?page_id=77192\" title=\"A-Z\">A-Z<\/a><\/h3><\/div><div class=\"ccchildpage  cclast cceven ccpage-count-2 ccpage-id-1168 ccpage-covergalerie ccpage-has-parent ccpage-pid-13068 ccpage-parent-inhaltsverzeichnis\"><h3 class=\"ccpage_linked_title\"><a class=\"ccpage_title_link\" href=\"http:\/\/fdb.fjon.de\/?page_id=1168\" title=\"Cover\">Cover<\/a><\/h3><\/div><div class=\"ccchildpage  ccfirst ccodd ccpage-count-3 ccpage-id-47010 ccpage-freigaben ccpage-has-parent ccpage-pid-13068 ccpage-parent-inhaltsverzeichnis\"><h3 class=\"ccpage_linked_title\"><a class=\"ccpage_title_link\" href=\"http:\/\/fdb.fjon.de\/?page_id=47010\" title=\"Freigaben\">Freigaben<\/a><\/h3><\/div><div class=\"ccchildpage  cclast cceven ccpage-count-4 ccpage-id-44243 ccpage-genres ccpage-has-parent ccpage-pid-13068 ccpage-parent-inhaltsverzeichnis\"><h3 class=\"ccpage_linked_title\"><a class=\"ccpage_title_link\" href=\"http:\/\/fdb.fjon.de\/?page_id=44243\" title=\"Genre\">Genre<\/a><\/h3><\/div><div class=\"ccchildpage  ccfirst ccodd ccpage-count-5 ccpage-id-51745 ccpage-laender ccpage-has-parent ccpage-pid-13068 ccpage-parent-inhaltsverzeichnis\"><h3 class=\"ccpage_linked_title\"><a class=\"ccpage_title_link\" href=\"http:\/\/fdb.fjon.de\/?page_id=51745\" title=\"L\u00e4nder\">L\u00e4nder<\/a><\/h3><\/div><div class=\"ccchildpage  cclast cceven ccpage-count-6 ccpage-id-44815 ccpage-merkmale ccpage-has-parent ccpage-pid-13068 ccpage-parent-inhaltsverzeichnis\"><h3 class=\"ccpage_linked_title\"><a class=\"ccpage_title_link\" href=\"http:\/\/fdb.fjon.de\/?page_id=44815\" title=\"Merkmale\">Merkmale<\/a><\/h3><\/div><div class=\"ccchildpage  ccfirst ccodd ccpage-count-7 ccpage-id-85999 ccpage-queer-special ccpage-has-parent ccpage-pid-13068 ccpage-parent-inhaltsverzeichnis\"><h3 class=\"ccpage_linked_title\"><a class=\"ccpage_title_link\" href=\"http:\/\/fdb.fjon.de\/?page_id=85999\" title=\"QUEER Special\">QUEER Special<\/a><\/h3><\/div><div class=\"ccchildpage  cclast cceven ccpage-count-8 ccpage-id-59900 ccpage-top-listen ccpage-has-parent ccpage-pid-13068 ccpage-parent-inhaltsverzeichnis\"><h3 class=\"ccpage_linked_title\"><a class=\"ccpage_title_link\" href=\"http:\/\/fdb.fjon.de\/?page_id=59900\" title=\"Top-Listen\">Top-Listen<\/a><\/h3><\/div><\/div><br \/>\n<div id=\"ccchildpages-3\" class=\"ccchildpages twocol ccred ccclearfix\"><ul class=\"ccchildpages_list ccclearfix\"><li class=\"page_item page-item-44245\"><a href=\"http:\/\/fdb.fjon.de\/?page_id=44245\">Abenteuer<\/a><\/li>\n<li class=\"page_item page-item-44261\"><a href=\"http:\/\/fdb.fjon.de\/?page_id=44261\">Action<\/a><\/li>\n<li class=\"page_item page-item-46224\"><a href=\"http:\/\/fdb.fjon.de\/?page_id=46224\">Amateur<\/a><\/li>\n<li class=\"page_item page-item-46883\"><a href=\"http:\/\/fdb.fjon.de\/?page_id=46883\">Animation<\/a><\/li>\n<li class=\"page_item page-item-46885\"><a href=\"http:\/\/fdb.fjon.de\/?page_id=46885\">Avantgarde<\/a><\/li>\n<li class=\"page_item page-item-46887\"><a href=\"http:\/\/fdb.fjon.de\/?page_id=46887\">Biografie<\/a><\/li>\n<li class=\"page_item page-item-44263\"><a href=\"http:\/\/fdb.fjon.de\/?page_id=44263\">Comedy<\/a><\/li>\n<li class=\"page_item page-item-46889\"><a href=\"http:\/\/fdb.fjon.de\/?page_id=46889\">Disney<\/a><\/li>\n<li class=\"page_item page-item-46254\"><a href=\"http:\/\/fdb.fjon.de\/?page_id=46254\">Doku<\/a><\/li>\n<li class=\"page_item page-item-46232\"><a href=\"http:\/\/fdb.fjon.de\/?page_id=46232\">Drama<\/a><\/li>\n<li class=\"page_item page-item-46894\"><a href=\"http:\/\/fdb.fjon.de\/?page_id=46894\">Eastern<\/a><\/li>\n<li class=\"page_item page-item-46256\"><a href=\"http:\/\/fdb.fjon.de\/?page_id=46256\">Erotik<\/a><\/li>\n<li class=\"page_item page-item-46896\"><a href=\"http:\/\/fdb.fjon.de\/?page_id=46896\">Experimental<\/a><\/li>\n<li class=\"page_item page-item-46234\"><a href=\"http:\/\/fdb.fjon.de\/?page_id=46234\">Exploitation<\/a><\/li>\n<li class=\"page_item page-item-46236\"><a href=\"http:\/\/fdb.fjon.de\/?page_id=46236\">Fantasy<\/a><\/li>\n<li class=\"page_item page-item-46239\"><a href=\"http:\/\/fdb.fjon.de\/?page_id=46239\">Folter<\/a><\/li>\n<li class=\"page_item page-item-46901\"><a href=\"http:\/\/fdb.fjon.de\/?page_id=46901\">Gore<\/a><\/li>\n<li class=\"page_item page-item-46903\"><a href=\"http:\/\/fdb.fjon.de\/?page_id=46903\">Grusel<\/a><\/li>\n<li class=\"page_item page-item-46241\"><a href=\"http:\/\/fdb.fjon.de\/?page_id=46241\">History<\/a><\/li>\n<li class=\"page_item page-item-44265\"><a href=\"http:\/\/fdb.fjon.de\/?page_id=44265\">Horror<\/a><\/li>\n<li class=\"page_item page-item-46259\"><a href=\"http:\/\/fdb.fjon.de\/?page_id=46259\">Kampfsport<\/a><\/li>\n<li class=\"page_item page-item-46243\"><a href=\"http:\/\/fdb.fjon.de\/?page_id=46243\">Katastrophe<\/a><\/li>\n<li class=\"page_item page-item-46245\"><a href=\"http:\/\/fdb.fjon.de\/?page_id=46245\">Kids \/ Familie<\/a><\/li>\n<li class=\"page_item page-item-46908\"><a href=\"http:\/\/fdb.fjon.de\/?page_id=46908\">Krieg<\/a><\/li>\n<li class=\"page_item page-item-46910\"><a href=\"http:\/\/fdb.fjon.de\/?page_id=46910\">Krimi<\/a><\/li>\n<li class=\"page_item page-item-46913\"><a href=\"http:\/\/fdb.fjon.de\/?page_id=46913\">Kurzfilm<\/a><\/li>\n<li class=\"page_item page-item-46261\"><a href=\"http:\/\/fdb.fjon.de\/?page_id=46261\">Liebe<\/a><\/li>\n<li class=\"page_item page-item-71717\"><a href=\"http:\/\/fdb.fjon.de\/?page_id=71717\">Martial-Arts<\/a><\/li>\n<li class=\"page_item page-item-46915\"><a href=\"http:\/\/fdb.fjon.de\/?page_id=46915\">Mondo<\/a><\/li>\n<li class=\"page_item page-item-46917\"><a href=\"http:\/\/fdb.fjon.de\/?page_id=46917\">Musik<\/a><\/li>\n<li class=\"page_item page-item-46248\"><a href=\"http:\/\/fdb.fjon.de\/?page_id=46248\">Mystery<\/a><\/li>\n<li class=\"page_item page-item-46250\"><a href=\"http:\/\/fdb.fjon.de\/?page_id=46250\">Nostalgie<\/a><\/li>\n<li class=\"page_item page-item-46252\"><a href=\"http:\/\/fdb.fjon.de\/?page_id=46252\">Queer<\/a><\/li>\n<li class=\"page_item page-item-46919\"><a href=\"http:\/\/fdb.fjon.de\/?page_id=46919\">Roadmovie<\/a><\/li>\n<li class=\"page_item page-item-44271\"><a href=\"http:\/\/fdb.fjon.de\/?page_id=44271\">Sci-Fi<\/a><\/li>\n<li class=\"page_item page-item-46922\"><a href=\"http:\/\/fdb.fjon.de\/?page_id=46922\">Sex<\/a><\/li>\n<li class=\"page_item page-item-46265\"><a href=\"http:\/\/fdb.fjon.de\/?page_id=46265\">Splatter<\/a><\/li>\n<li class=\"page_item page-item-46924\"><a href=\"http:\/\/fdb.fjon.de\/?page_id=46924\">Sport<\/a><\/li>\n<li class=\"page_item page-item-44273\"><a href=\"http:\/\/fdb.fjon.de\/?page_id=44273\">Thriller<\/a><\/li>\n<li class=\"page_item page-item-46927\"><a href=\"http:\/\/fdb.fjon.de\/?page_id=46927\">Tierfilm<\/a><\/li>\n<li class=\"page_item page-item-46929\"><a href=\"http:\/\/fdb.fjon.de\/?page_id=46929\">Torture<\/a><\/li>\n<li class=\"page_item page-item-46267\"><a href=\"http:\/\/fdb.fjon.de\/?page_id=46267\">Western<\/a><\/li><\/ul><\/div><\/p>\n<hr style=\"height: 3px; width: 100%; background-color: #eb4747;\" \/>\n&nbsp;<br \/>\n<strong><span style=\"font-size: 12pt;\"><ul class=\"lcp_catlist\" id=\"lcp_instance_0\"><li><a href=\"http:\/\/fdb.fjon.de\/?p=988\">Aladdin (1992)<\/a><\/li><li><a href=\"http:\/\/fdb.fjon.de\/?p=11151\">Aladdin (1992)<\/a><\/li><li><a href=\"http:\/\/fdb.fjon.de\/?p=65403\">Aladdin und der K\u00f6nig der Diebe (Aladdin and the King of Thieves) (1996)<\/a><\/li><li><a href=\"http:\/\/fdb.fjon.de\/?p=11043\">Atlantis &#8211; Das Geheimnis der verlorenen Stadt (2001)<\/a><\/li><li><a href=\"http:\/\/fdb.fjon.de\/?p=11045\">Atlantis &#8211; Das Geheimnis der verlorenen Stadt (2001)<\/a><\/li><li><a href=\"http:\/\/fdb.fjon.de\/?p=67933\">Baymax &#8211; Riesiges Robowabohu (2014)<\/a><\/li><li><a href=\"http:\/\/fdb.fjon.de\/?p=1313\">Bedtime Stories (2008)<\/a><\/li><li><a href=\"http:\/\/fdb.fjon.de\/?p=11047\">Bernard und Bianca &#8211; Die M\u00e4usepolizei (1977)<\/a><\/li><li><a href=\"http:\/\/fdb.fjon.de\/?p=20273\">Bis in alle Ewigkeit (Tuck Everlasting) (2002)<\/a><\/li><li><a href=\"http:\/\/fdb.fjon.de\/?p=31253\">Bolt &#8211; Ein Hund f\u00fcr alle F\u00e4lle (2008)<\/a><\/li><li><a href=\"http:\/\/fdb.fjon.de\/?p=31150\">Br\u00fccke nach Terabithia (2007)<\/a><\/li><li><a href=\"http:\/\/fdb.fjon.de\/?p=10514\">Cars (2006)<\/a><\/li><li><a href=\"http:\/\/fdb.fjon.de\/?p=30259\">Chroniken von Narnia III, Die &#8211; Die Reise auf der Morgenr\u00f6te (2010) &#8211; [UNCUT]<\/a><\/li><li><a href=\"http:\/\/fdb.fjon.de\/?p=1031\">Despereaux &#8211; Der kleine M\u00e4useheld (2008)<\/a><\/li><li><a href=\"http:\/\/fdb.fjon.de\/?p=357\">Dschungelbuch 2, Das (2003)<\/a><\/li><li><a href=\"http:\/\/fdb.fjon.de\/?p=359\">Dschungelbuch, Das (1967)<\/a><\/li><li><a href=\"http:\/\/fdb.fjon.de\/?p=9220\">Duell der Magier (2010)<\/a><\/li><li><a href=\"http:\/\/fdb.fjon.de\/?p=22275\">Eisk\u00f6nigin, Die &#8211; V\u00f6llig unverfroren (Frozen) (2013)<\/a><\/li><li><a href=\"http:\/\/fdb.fjon.de\/?p=371\">Feivel, der Mauswanderer (1986)<\/a><\/li><li><a href=\"http:\/\/fdb.fjon.de\/?p=80910\">Findet Dorie (2016)<\/a><\/li><li><a href=\"http:\/\/fdb.fjon.de\/?p=82227\">Findet Dorie [BD] (2016)<\/a><\/li><li><a href=\"http:\/\/fdb.fjon.de\/?p=82387\">First Avenger, The: Civil War (Captain America: Civil War) (2016)<\/a><\/li><li><a href=\"http:\/\/fdb.fjon.de\/?p=30503\">Geistervilla, Die (The Haunted Mansion) (2003)<\/a><\/li><li><a href=\"http:\/\/fdb.fjon.de\/?p=9230\">Gro\u00dfe Krabbeln, Das (A Bug&#8217;s Life) (1998)<\/a><\/li><li><a href=\"http:\/\/fdb.fjon.de\/?p=82251\">Gro\u00dfe Krabbeln, Das (A Bug&#8217;s Life) (1998)<\/a><\/li><li><a href=\"http:\/\/fdb.fjon.de\/?p=82253\">Gro\u00dfe Krabbeln, Das (A Bug&#8217;s Life) [BD] (1998)<\/a><\/li><li><a href=\"http:\/\/fdb.fjon.de\/?p=11256\">Hercules (1997)<\/a><\/li><li><a href=\"http:\/\/fdb.fjon.de\/?p=15452\">Ice Age [DD] (2002)<\/a><\/li><li><a href=\"http:\/\/fdb.fjon.de\/?p=83286\">Into the Woods (2014)<\/a><\/li><li><a href=\"http:\/\/fdb.fjon.de\/?p=31644\">Jagd zum magischen Berg, Die (Race to Witch Mountain) (2009)<\/a><\/li><li><a href=\"http:\/\/fdb.fjon.de\/?p=11378\">John Carter &#8211; Zwischen zwei Welten (2012)<\/a><\/li><li><a href=\"http:\/\/fdb.fjon.de\/?p=11376\">John Carter &#8211; Zwischen zwei Welten [BD] (2012)<\/a><\/li><li><a href=\"http:\/\/fdb.fjon.de\/?p=79736\">Jungle Book, The (Das Dschungelbuch) (2016)<\/a><\/li><li><a href=\"http:\/\/fdb.fjon.de\/?p=80461\">Jungle Book, The (Das Dschungelbuch) [BD] (2016)<\/a><\/li><li><a href=\"http:\/\/fdb.fjon.de\/?p=1255\">K\u00f6nig der L\u00f6wen 2, Der &#8211; Simbas K\u00f6nigreich (1998)<\/a><\/li><li><a href=\"http:\/\/fdb.fjon.de\/?p=11056\">K\u00f6nig der L\u00f6wen, Der (1994)<\/a><\/li><li><a href=\"http:\/\/fdb.fjon.de\/?p=11058\">K\u00f6nig der L\u00f6wen, Der (1994)<\/a><\/li><li><a href=\"http:\/\/fdb.fjon.de\/?p=4799\">Liebling, ich habe die Kinder geschrumpft (1989)<\/a><\/li><li><a href=\"http:\/\/fdb.fjon.de\/?p=14671\">Madagascar 2 (2008)<\/a><\/li><li><a href=\"http:\/\/fdb.fjon.de\/?p=31527\">Maleficent &#8211; Die dunkle Fee (2014)<\/a><\/li><li><a href=\"http:\/\/fdb.fjon.de\/?p=80924\">Maleficent &#8211; Die dunkle Fee [BD] (2014)<\/a><\/li><li><a href=\"http:\/\/fdb.fjon.de\/?p=13332\">Monster AG, Die (2001)<\/a><\/li><li><a href=\"http:\/\/fdb.fjon.de\/?p=15811\">Monster Uni, Die (2013)<\/a><\/li><li><a href=\"http:\/\/fdb.fjon.de\/?p=14061\">Prince of Persia &#8211; Der Sand der Zeit (2010)<\/a><\/li><li><a href=\"http:\/\/fdb.fjon.de\/?p=14056\">Prince of Persia &#8211; Der Sand der Zeit [BD] (2010)<\/a><\/li><li><a href=\"http:\/\/fdb.fjon.de\/?p=14149\">Rapunzel &#8211; Neu verf\u00f6hnt (2010)<\/a><\/li><li><a href=\"http:\/\/fdb.fjon.de\/?p=226\">Ratatouille (2007)<\/a><\/li><li><a href=\"http:\/\/fdb.fjon.de\/?p=82260\">Ratatouille [BD] (2007)<\/a><\/li><li><a href=\"http:\/\/fdb.fjon.de\/?p=8702\">Schimpansen (2012)<\/a><\/li><li><a href=\"http:\/\/fdb.fjon.de\/?p=70792\">Sein Freund Jello (Old Yeller) (1957)<\/a><\/li><li><a href=\"http:\/\/fdb.fjon.de\/?p=11324\">Snow Dogs &#8211; 8 Helden auf 4 Pfoten (2002)<\/a><\/li><li><a href=\"http:\/\/fdb.fjon.de\/?p=24590\">Spiel auf Sieg (Glory Road) (2006)<\/a><\/li><li><a href=\"http:\/\/fdb.fjon.de\/?p=20185\">Spur des Windes, Die (A Far Off Place) (1993)<\/a><\/li><li><a href=\"http:\/\/fdb.fjon.de\/?p=11073\">Tarzan (1999)<\/a><\/li><li><a href=\"http:\/\/fdb.fjon.de\/?p=12126\">Toy Story (1995)<\/a><\/li><li><a href=\"http:\/\/fdb.fjon.de\/?p=12130\">Toy Story 3 (2010)<\/a><\/li><li><a href=\"http:\/\/fdb.fjon.de\/?p=3837\">TRON: Legacy (2010)<\/a><\/li><li><a href=\"http:\/\/fdb.fjon.de\/?p=128722\">TRON: Legacy [BD] (2010)<\/a><\/li><li><a href=\"http:\/\/fdb.fjon.de\/?p=13116\">Unglaublichen, Die &#8211; The Incredibles (2004)<\/a><\/li><li><a href=\"http:\/\/fdb.fjon.de\/?p=13144\">Unsere Erde &#8211; Wunder des Lebens (2007)<\/a><\/li><li><a href=\"http:\/\/fdb.fjon.de\/?p=10536\">Verm\u00e4chtnis der Tempelritter, Das (2004) &#8211; [UNCUT]<\/a><\/li><li><a href=\"http:\/\/fdb.fjon.de\/?p=10443\">Verm\u00e4chtnis des geheimen Buches, Das (2007) &#8211; [UNCUT]<\/a><\/li><li><a href=\"http:\/\/fdb.fjon.de\/?p=1536\">WALL\u00b7E &#8211; Der Letzte r\u00e4umt die Erde auf (2008)<\/a><\/li><\/ul><\/span><\/strong><\/p>\n<hr style=\"height: 3px; width: 100%; background-color: #eb4747;\" \/>\n","protected":false},"excerpt":{"rendered":"<p>&nbsp;<\/p>\n","protected":false},"author":1,"featured_media":0,"parent":44243,"menu_order":0,"comment_status":"closed","ping_status":"closed","template":"","meta":{"footnotes":""},"_links":{"self":[{"href":"http:\/\/fdb.fjon.de\/index.php?rest_route=\/wp\/v2\/pages\/46889"}],"collection":[{"href":"http:\/\/fdb.fjon.de\/index.php?rest_route=\/wp\/v2\/pages"}],"about":[{"href":"http:\/\/fdb.fjon.de\/index.php?rest_route=\/wp\/v2\/types\/page"}],"author":[{"embeddable":true,"href":"http:\/\/fdb.fjon.de\/index.php?rest_route=\/wp\/v2\/users\/1"}],"replies":[{"embeddable":true,"href":"http:\/\/fdb.fjon.de\/index.php?rest_route=%2Fwp%2Fv2%2Fcomments&post=46889"}],"version-history":[{"count":0,"href":"http:\/\/fdb.fjon.de\/index.php?rest_route=\/wp\/v2\/pages\/46889\/revisions"}],"up":[{"embeddable":true,"href":"http:\/\/fdb.fjon.de\/index.php?rest_route=\/wp\/v2\/pages\/44243"}],"wp:attachment":[{"href":"http:\/\/fdb.fjon.de\/index.php?rest_route=%2Fwp%2Fv2%2Fmedia&parent=46889"}],"curies":[{"name":"wp","href":"https:\/\/api.w.org\/{rel}","templated":true}]}}