{"id":46250,"date":"2015-02-04T11:18:15","date_gmt":"2015-02-04T10:18:15","guid":{"rendered":"http:\/\/fdb.fjon.de\/?page_id=46250"},"modified":"2016-07-22T11:28:45","modified_gmt":"2016-07-22T09:28:45","slug":"nostalgie","status":"publish","type":"page","link":"http:\/\/fdb.fjon.de\/?page_id=46250","title":{"rendered":"Nostalgie"},"content":{"rendered":"<p><br \/>\n<div id=\"ccchildpages-1\" class=\"ccchildpages twocol simple ccclearfix\"><div class=\"ccchildpage  ccfirst ccodd ccpage-count-1 ccpage-id-13068 ccpage-inhaltsverzeichnis ccpage-has-parent ccpage-pid-8653 ccpage-parent-indiziert\"><h3 class=\"ccpage_linked_title\"><a class=\"ccpage_title_link\" href=\"http:\/\/fdb.fjon.de\/?page_id=13068\" title=\"Filme\">Filme<\/a><\/h3><\/div><div class=\"ccchildpage  cclast cceven ccpage-count-2 ccpage-id-9678 ccpage-indizierte-filme ccpage-has-parent ccpage-pid-8653 ccpage-parent-indiziert\"><h3 class=\"ccpage_linked_title\"><a class=\"ccpage_title_link\" href=\"http:\/\/fdb.fjon.de\/?page_id=9678\" title=\"Index\">Index<\/a><\/h3><\/div><div class=\"ccchildpage  ccfirst ccodd ccpage-count-3 ccpage-id-13083 ccpage-sitemap ccpage-has-parent ccpage-pid-8653 ccpage-parent-indiziert\"><h3 class=\"ccpage_linked_title\"><a class=\"ccpage_title_link\" href=\"http:\/\/fdb.fjon.de\/?page_id=13083\" title=\"Sitemaps\">Sitemaps<\/a><\/h3><\/div><\/div><br \/>\n<div id=\"ccchildpages-2\" class=\"ccchildpages twocol ccblue ccclearfix\"><div class=\"ccchildpage  ccfirst ccodd ccpage-count-1 ccpage-id-77192 ccpage-a-z ccpage-has-parent ccpage-pid-13068 ccpage-parent-inhaltsverzeichnis\"><h3 class=\"ccpage_linked_title\"><a class=\"ccpage_title_link\" href=\"http:\/\/fdb.fjon.de\/?page_id=77192\" title=\"A-Z\">A-Z<\/a><\/h3><\/div><div class=\"ccchildpage  cclast cceven ccpage-count-2 ccpage-id-1168 ccpage-covergalerie ccpage-has-parent ccpage-pid-13068 ccpage-parent-inhaltsverzeichnis\"><h3 class=\"ccpage_linked_title\"><a class=\"ccpage_title_link\" href=\"http:\/\/fdb.fjon.de\/?page_id=1168\" title=\"Cover\">Cover<\/a><\/h3><\/div><div class=\"ccchildpage  ccfirst ccodd ccpage-count-3 ccpage-id-47010 ccpage-freigaben ccpage-has-parent ccpage-pid-13068 ccpage-parent-inhaltsverzeichnis\"><h3 class=\"ccpage_linked_title\"><a class=\"ccpage_title_link\" href=\"http:\/\/fdb.fjon.de\/?page_id=47010\" title=\"Freigaben\">Freigaben<\/a><\/h3><\/div><div class=\"ccchildpage  cclast cceven ccpage-count-4 ccpage-id-44243 ccpage-genres ccpage-has-parent ccpage-pid-13068 ccpage-parent-inhaltsverzeichnis\"><h3 class=\"ccpage_linked_title\"><a class=\"ccpage_title_link\" href=\"http:\/\/fdb.fjon.de\/?page_id=44243\" title=\"Genre\">Genre<\/a><\/h3><\/div><div class=\"ccchildpage  ccfirst ccodd ccpage-count-5 ccpage-id-51745 ccpage-laender ccpage-has-parent ccpage-pid-13068 ccpage-parent-inhaltsverzeichnis\"><h3 class=\"ccpage_linked_title\"><a class=\"ccpage_title_link\" href=\"http:\/\/fdb.fjon.de\/?page_id=51745\" title=\"L\u00e4nder\">L\u00e4nder<\/a><\/h3><\/div><div class=\"ccchildpage  cclast cceven ccpage-count-6 ccpage-id-44815 ccpage-merkmale ccpage-has-parent ccpage-pid-13068 ccpage-parent-inhaltsverzeichnis\"><h3 class=\"ccpage_linked_title\"><a class=\"ccpage_title_link\" href=\"http:\/\/fdb.fjon.de\/?page_id=44815\" title=\"Merkmale\">Merkmale<\/a><\/h3><\/div><div class=\"ccchildpage  ccfirst ccodd ccpage-count-7 ccpage-id-85999 ccpage-queer-special ccpage-has-parent ccpage-pid-13068 ccpage-parent-inhaltsverzeichnis\"><h3 class=\"ccpage_linked_title\"><a class=\"ccpage_title_link\" href=\"http:\/\/fdb.fjon.de\/?page_id=85999\" title=\"QUEER Special\">QUEER Special<\/a><\/h3><\/div><div class=\"ccchildpage  cclast cceven ccpage-count-8 ccpage-id-59900 ccpage-top-listen ccpage-has-parent ccpage-pid-13068 ccpage-parent-inhaltsverzeichnis\"><h3 class=\"ccpage_linked_title\"><a class=\"ccpage_title_link\" href=\"http:\/\/fdb.fjon.de\/?page_id=59900\" title=\"Top-Listen\">Top-Listen<\/a><\/h3><\/div><\/div><br \/>\n<div id=\"ccchildpages-3\" class=\"ccchildpages twocol ccred ccclearfix\"><ul class=\"ccchildpages_list ccclearfix\"><li class=\"page_item page-item-44245\"><a href=\"http:\/\/fdb.fjon.de\/?page_id=44245\">Abenteuer<\/a><\/li>\n<li class=\"page_item page-item-44261\"><a href=\"http:\/\/fdb.fjon.de\/?page_id=44261\">Action<\/a><\/li>\n<li class=\"page_item page-item-46224\"><a href=\"http:\/\/fdb.fjon.de\/?page_id=46224\">Amateur<\/a><\/li>\n<li class=\"page_item page-item-46883\"><a href=\"http:\/\/fdb.fjon.de\/?page_id=46883\">Animation<\/a><\/li>\n<li class=\"page_item page-item-46885\"><a href=\"http:\/\/fdb.fjon.de\/?page_id=46885\">Avantgarde<\/a><\/li>\n<li class=\"page_item page-item-46887\"><a href=\"http:\/\/fdb.fjon.de\/?page_id=46887\">Biografie<\/a><\/li>\n<li class=\"page_item page-item-44263\"><a href=\"http:\/\/fdb.fjon.de\/?page_id=44263\">Comedy<\/a><\/li>\n<li class=\"page_item page-item-46889\"><a href=\"http:\/\/fdb.fjon.de\/?page_id=46889\">Disney<\/a><\/li>\n<li class=\"page_item page-item-46254\"><a href=\"http:\/\/fdb.fjon.de\/?page_id=46254\">Doku<\/a><\/li>\n<li class=\"page_item page-item-46232\"><a href=\"http:\/\/fdb.fjon.de\/?page_id=46232\">Drama<\/a><\/li>\n<li class=\"page_item page-item-46894\"><a href=\"http:\/\/fdb.fjon.de\/?page_id=46894\">Eastern<\/a><\/li>\n<li class=\"page_item page-item-46256\"><a href=\"http:\/\/fdb.fjon.de\/?page_id=46256\">Erotik<\/a><\/li>\n<li class=\"page_item page-item-46896\"><a href=\"http:\/\/fdb.fjon.de\/?page_id=46896\">Experimental<\/a><\/li>\n<li class=\"page_item page-item-46234\"><a href=\"http:\/\/fdb.fjon.de\/?page_id=46234\">Exploitation<\/a><\/li>\n<li class=\"page_item page-item-46236\"><a href=\"http:\/\/fdb.fjon.de\/?page_id=46236\">Fantasy<\/a><\/li>\n<li class=\"page_item page-item-46239\"><a href=\"http:\/\/fdb.fjon.de\/?page_id=46239\">Folter<\/a><\/li>\n<li class=\"page_item page-item-46901\"><a href=\"http:\/\/fdb.fjon.de\/?page_id=46901\">Gore<\/a><\/li>\n<li class=\"page_item page-item-46903\"><a href=\"http:\/\/fdb.fjon.de\/?page_id=46903\">Grusel<\/a><\/li>\n<li class=\"page_item page-item-46241\"><a href=\"http:\/\/fdb.fjon.de\/?page_id=46241\">History<\/a><\/li>\n<li class=\"page_item page-item-44265\"><a href=\"http:\/\/fdb.fjon.de\/?page_id=44265\">Horror<\/a><\/li>\n<li class=\"page_item page-item-46259\"><a href=\"http:\/\/fdb.fjon.de\/?page_id=46259\">Kampfsport<\/a><\/li>\n<li class=\"page_item page-item-46243\"><a href=\"http:\/\/fdb.fjon.de\/?page_id=46243\">Katastrophe<\/a><\/li>\n<li class=\"page_item page-item-46245\"><a href=\"http:\/\/fdb.fjon.de\/?page_id=46245\">Kids \/ Familie<\/a><\/li>\n<li class=\"page_item page-item-46908\"><a href=\"http:\/\/fdb.fjon.de\/?page_id=46908\">Krieg<\/a><\/li>\n<li class=\"page_item page-item-46910\"><a href=\"http:\/\/fdb.fjon.de\/?page_id=46910\">Krimi<\/a><\/li>\n<li class=\"page_item page-item-46913\"><a href=\"http:\/\/fdb.fjon.de\/?page_id=46913\">Kurzfilm<\/a><\/li>\n<li class=\"page_item page-item-46261\"><a href=\"http:\/\/fdb.fjon.de\/?page_id=46261\">Liebe<\/a><\/li>\n<li class=\"page_item page-item-71717\"><a href=\"http:\/\/fdb.fjon.de\/?page_id=71717\">Martial-Arts<\/a><\/li>\n<li class=\"page_item page-item-46915\"><a href=\"http:\/\/fdb.fjon.de\/?page_id=46915\">Mondo<\/a><\/li>\n<li class=\"page_item page-item-46917\"><a href=\"http:\/\/fdb.fjon.de\/?page_id=46917\">Musik<\/a><\/li>\n<li class=\"page_item page-item-46248\"><a href=\"http:\/\/fdb.fjon.de\/?page_id=46248\">Mystery<\/a><\/li>\n<li class=\"page_item page-item-46250\"><a href=\"http:\/\/fdb.fjon.de\/?page_id=46250\">Nostalgie<\/a><\/li>\n<li class=\"page_item page-item-46252\"><a href=\"http:\/\/fdb.fjon.de\/?page_id=46252\">Queer<\/a><\/li>\n<li class=\"page_item page-item-46919\"><a href=\"http:\/\/fdb.fjon.de\/?page_id=46919\">Roadmovie<\/a><\/li>\n<li class=\"page_item page-item-44271\"><a href=\"http:\/\/fdb.fjon.de\/?page_id=44271\">Sci-Fi<\/a><\/li>\n<li class=\"page_item page-item-46922\"><a href=\"http:\/\/fdb.fjon.de\/?page_id=46922\">Sex<\/a><\/li>\n<li class=\"page_item page-item-46265\"><a href=\"http:\/\/fdb.fjon.de\/?page_id=46265\">Splatter<\/a><\/li>\n<li class=\"page_item page-item-46924\"><a href=\"http:\/\/fdb.fjon.de\/?page_id=46924\">Sport<\/a><\/li>\n<li class=\"page_item page-item-44273\"><a href=\"http:\/\/fdb.fjon.de\/?page_id=44273\">Thriller<\/a><\/li>\n<li class=\"page_item page-item-46927\"><a href=\"http:\/\/fdb.fjon.de\/?page_id=46927\">Tierfilm<\/a><\/li>\n<li class=\"page_item page-item-46929\"><a href=\"http:\/\/fdb.fjon.de\/?page_id=46929\">Torture<\/a><\/li>\n<li class=\"page_item page-item-46267\"><a href=\"http:\/\/fdb.fjon.de\/?page_id=46267\">Western<\/a><\/li><\/ul><\/div><\/p>\n<hr style=\"height: 3px; width: 100%; background-color: #eb4747;\" \/>\n&nbsp;<br \/>\n<strong><span style=\"font-size: 12pt;\"><ul class=\"lcp_catlist\" id=\"lcp_instance_0\"><li><a href=\"http:\/\/fdb.fjon.de\/?p=11946\">12 Uhr mittags (High Noon) (1952)<\/a><\/li><li><a href=\"http:\/\/fdb.fjon.de\/?p=1695\">Ach Egon! (1961)<\/a><\/li><li><a href=\"http:\/\/fdb.fjon.de\/?p=9214\">Agenten sterben einsam (1968)<\/a><\/li><li><a href=\"http:\/\/fdb.fjon.de\/?p=67880\">Aladins Abenteuer (Le meraviglie di Aladino) (1961)<\/a><\/li><li><a href=\"http:\/\/fdb.fjon.de\/?p=4433\">Arsen und Spitzenh\u00e4ubchen (1944)<\/a><\/li><li><a href=\"http:\/\/fdb.fjon.de\/?p=66484\">Balduin, das Nachtgespenst (Le tatou\u00e9) (1968)<\/a><\/li><li><a href=\"http:\/\/fdb.fjon.de\/?p=66482\">Balduin, der Geldschrankknacker (Faites sauter la banque!) (1964)<\/a><\/li><li><a href=\"http:\/\/fdb.fjon.de\/?p=8377\">Balduin, der Heiratsmuffel (1968)<\/a><\/li><li><a href=\"http:\/\/fdb.fjon.de\/?p=8382\">Balduin, der Schrecken von St. Tropez (1970)<\/a><\/li><li><a href=\"http:\/\/fdb.fjon.de\/?p=8388\">Balduin, der Sonntagsfahrer (1971)<\/a><\/li><li><a href=\"http:\/\/fdb.fjon.de\/?p=5022\">Balduin, der Trockenschwimmer (1968) &#8211; [UNCUT]<\/a><\/li><li><a href=\"http:\/\/fdb.fjon.de\/?p=333\">Bei Anruf Mord (1954)<\/a><\/li><li><a href=\"http:\/\/fdb.fjon.de\/?p=1614\">Big Jake (1971)<\/a><\/li><li><a href=\"http:\/\/fdb.fjon.de\/?p=2836\">Blutspur im Park (Das Messer) (1971) &#8211; [UNRATED]<\/a><\/li><li><a href=\"http:\/\/fdb.fjon.de\/?p=4411\">Cocktail f\u00fcr eine Leiche (1948)<\/a><\/li><li><a href=\"http:\/\/fdb.fjon.de\/?p=68122\">Drei Mann in einem Boot (1961)<\/a><\/li><li><a href=\"http:\/\/fdb.fjon.de\/?p=45909\">Durchs wilde Kurdistan (1965)<\/a><\/li><li><a href=\"http:\/\/fdb.fjon.de\/?p=8929\">Edgar Wallace &#8211; Das Indische Tuch (1963)<\/a><\/li><li><a href=\"http:\/\/fdb.fjon.de\/?p=8933\">Edgar Wallace &#8211; Der Frosch mit der Maske (1959)<\/a><\/li><li><a href=\"http:\/\/fdb.fjon.de\/?p=8917\">Edgar Wallace &#8211; Der Schwarze Abt (1963)<\/a><\/li><li><a href=\"http:\/\/fdb.fjon.de\/?p=8923\">Edgar Wallace &#8211; Neues vom Hexer (1965)<\/a><\/li><li><a href=\"http:\/\/fdb.fjon.de\/?p=68933\">Edgar Wallace \u2013 Der Hexer (1964) &#8211; [UNCUT]<\/a><\/li><li><a href=\"http:\/\/fdb.fjon.de\/?p=4091\">Engel auf Erden, Ein (1959)<\/a><\/li><li><a href=\"http:\/\/fdb.fjon.de\/?p=274\">Fantomas (1964)<\/a><\/li><li><a href=\"http:\/\/fdb.fjon.de\/?p=24230\">Flipper (1963)<\/a><\/li><li><a href=\"http:\/\/fdb.fjon.de\/?p=18416\">Flippers neue Abenteuer (1964)<\/a><\/li><li><a href=\"http:\/\/fdb.fjon.de\/?p=1716\">Flucht in Ketten (1958)<\/a><\/li><li><a href=\"http:\/\/fdb.fjon.de\/?p=1148\">Flucht von Alcatraz (1979)<\/a><\/li><li><a href=\"http:\/\/fdb.fjon.de\/?p=79663\">Frankenstein und die Ungeheuer aus dem Meer (Godzilla &#8211; Das Monster aus der Tiefe) (1966)<\/a><\/li><li><a href=\"http:\/\/fdb.fjon.de\/?p=79670\">Frankensteins Kampf gegen die Teufelsmonster (Godzilla vs. Hedorah) (1971)<\/a><\/li><li><a href=\"http:\/\/fdb.fjon.de\/?p=79869\">Frankensteins Monster jagen Godzillas Sohn (Kaij\u00fbt\u00f4 no kessen: Gojira no musuko) (1967)<\/a><\/li><li><a href=\"http:\/\/fdb.fjon.de\/?p=4440\">Fressen f\u00fcr die Geier, Ein (1970)<\/a><\/li><li><a href=\"http:\/\/fdb.fjon.de\/?p=10165\">Gendarm von St. Tropez, Der (1964) &#8211; [UNCUT]<\/a><\/li><li><a href=\"http:\/\/fdb.fjon.de\/?p=1719\">Gesprengte Ketten (Great Escape) (1963)<\/a><\/li><li><a href=\"http:\/\/fdb.fjon.de\/?p=66527\">Gesprengte Ketten (Great Escape) [BD] (1963)<\/a><\/li><li><a href=\"http:\/\/fdb.fjon.de\/?p=79875\">Godzilla &#8211; Befehl aus dem Dunkel (Kaij\u00fb daisens\u00f4) (1965) &#8211; [UNCUT]<\/a><\/li><li><a href=\"http:\/\/fdb.fjon.de\/?p=79666\">Godzilla gegen Frankensteins H\u00f6llenbrut (Godzilla vs. Gigan) (1972) &#8211; [UNCUT]<\/a><\/li><li><a href=\"http:\/\/fdb.fjon.de\/?p=79886\">Godzilla und die Urweltraupen (Mosura tai Gojira) (1964) &#8211; [UNCUT]<\/a><\/li><li><a href=\"http:\/\/fdb.fjon.de\/?p=2775\">H\u00fcgel der blutigen Augen (1977) &#8211; [UNRATED]<\/a><\/li><li><a href=\"http:\/\/fdb.fjon.de\/?p=68855\">Hund von Blackwood Castle, Der (1968)<\/a><\/li><li><a href=\"http:\/\/fdb.fjon.de\/?p=68104\">Immer die Radfahrer (1958)<\/a><\/li><li><a href=\"http:\/\/fdb.fjon.de\/?p=45749\">Indische Grabmal, Das (1959)<\/a><\/li><li><a href=\"http:\/\/fdb.fjon.de\/?p=44459\">Inglorious Bastards &#8211; Ein Haufen verwegener Hunde [BD] (1978) &#8211; [SPECIAL STEELBOOK EDITION] &#8211; [UNCUT]<\/a><\/li><li><a href=\"http:\/\/fdb.fjon.de\/?p=4013\">Is&#8216; was, Doc? (1972)<\/a><\/li><li><a href=\"http:\/\/fdb.fjon.de\/?p=11268\">James Bond 007 &#8211; Der Mann mit dem goldenen Colt (The Man with the Golden Gun) (1974) &#8211; [UNCUT]<\/a><\/li><li><a href=\"http:\/\/fdb.fjon.de\/?p=4224\">James Bond 007 &#8211; Der Spion, der mich liebte (The Spy Who Loved Me) (1977) &#8211; [UNCUT]<\/a><\/li><li><a href=\"http:\/\/fdb.fjon.de\/?p=9236\">James Bond 007 &#8211; Goldfinger (1964) &#8211; [UNCUT]<\/a><\/li><li><a href=\"http:\/\/fdb.fjon.de\/?p=1465\">James Bond 007 &#8211; Jagt Dr. No (1962) &#8211; [UNCUT]<\/a><\/li><li><a href=\"http:\/\/fdb.fjon.de\/?p=9238\">James Bond 007 &#8211; Leben und sterben lassen (1973) &#8211; [UNCUT]<\/a><\/li><li><a href=\"http:\/\/fdb.fjon.de\/?p=11274\">James Bond 007 &#8211; Man lebt nur zweimal (You Only Live Twice) (1967)<\/a><\/li><li><a href=\"http:\/\/fdb.fjon.de\/?p=9260\">James Bond 007 &#8211; Moonraker &#8211; Streng geheim (1979) &#8211; [UNCUT]<\/a><\/li><li><a href=\"http:\/\/fdb.fjon.de\/?p=60518\">James Bond 007 | 01 &#8211; Jagt Dr. No [BD] (1962) &#8211; [SPECIAL JUBIL\u00c4UMSBOX EDITION] &#8211; [UNCUT]<\/a><\/li><li><a href=\"http:\/\/fdb.fjon.de\/?p=60520\">James Bond 007 | 02 &#8211; Liebesgr\u00fc\u00dfe aus Moskau (From Russia with Love) [BD] (1963) &#8211; [SPECIAL JUBIL\u00c4UMSBOX EDITION] &#8211; [UNCUT]<\/a><\/li><li><a href=\"http:\/\/fdb.fjon.de\/?p=60526\">James Bond 007 | 03 &#8211; Goldfinger [BD] (1964) &#8211; [SPECIAL JUBIL\u00c4UMSBOX EDITION] &#8211; [UNCUT]<\/a><\/li><li><a href=\"http:\/\/fdb.fjon.de\/?p=60530\">James Bond 007 | 04 &#8211; Feuerball (Thunderball) [BD] (1965) &#8211; [SPECIAL JUBIL\u00c4UMSBOX EDITION]<\/a><\/li><li><a href=\"http:\/\/fdb.fjon.de\/?p=60537\">James Bond 007 | 05 &#8211; Man lebt nur zweimal (You Only Live Twice) [BD] (1967) &#8211; [SPECIAL JUBIL\u00c4UMSBOX EDITION] &#8211; [UNCUT]<\/a><\/li><li><a href=\"http:\/\/fdb.fjon.de\/?p=60542\">James Bond 007 | 06 &#8211; Im Geheimdienst Ihrer Majest\u00e4t (On Her Majesty&#8217;s Secret Service) [BD] (1969) &#8211; [SPECIAL JUBIL\u00c4UMSBOX EDITION] &#8211; [UNCUT]<\/a><\/li><li><a href=\"http:\/\/fdb.fjon.de\/?p=60546\">James Bond 007 | 07 &#8211; Diamantenfieber (Diamonds Are Forever) [BD] (1971) &#8211; [SPECIAL JUBIL\u00c4UMSBOX EDITION] &#8211; [UNCUT]<\/a><\/li><li><a href=\"http:\/\/fdb.fjon.de\/?p=60550\">James Bond 007 | 08 &#8211; Leben und sterben lassen [BD] (1973) &#8211; [SPECIAL JUBIL\u00c4UMSBOX EDITION] &#8211; [UNCUT]<\/a><\/li><li><a href=\"http:\/\/fdb.fjon.de\/?p=60558\">James Bond 007 | 09 &#8211; Der Mann mit dem goldenen Colt (The Man with the Golden Gun) [BD] (1974) &#8211; [SPECIAL JUBIL\u00c4UMSBOX EDITION] &#8211; [UNCUT]<\/a><\/li><li><a href=\"http:\/\/fdb.fjon.de\/?p=60566\">James Bond 007 | 10 &#8211; Der Spion, der mich liebte (The Spy Who Loved Me) [BD] (1977) &#8211; [SPECIAL JUBIL\u00c4UMSBOX EDITION]<\/a><\/li><li><a href=\"http:\/\/fdb.fjon.de\/?p=60572\">James Bond 007 | 11 &#8211; Moonraker &#8211; Streng geheim [BD] (1979) &#8211; [SPECIAL JUBIL\u00c4UMSBOX EDITION] &#8211; [UNCUT]<\/a><\/li><li><a href=\"http:\/\/fdb.fjon.de\/?p=79891\">King Kong gegen Godzilla (1974)<\/a><\/li><li><a href=\"http:\/\/fdb.fjon.de\/?p=18404\">Knallschote, Die &#8211; Das Tollste vom Tollen (Ah! les belles bacchantes&#8230;) (1954)<\/a><\/li><li><a href=\"http:\/\/fdb.fjon.de\/?p=63599\">Konferenz der Tiere, Die (1969)<\/a><\/li><li><a href=\"http:\/\/fdb.fjon.de\/?p=79880\">Konga, Godzilla, King Kong: Die Brut des Teufels (Mekagojira no gyakushu) (1975)<\/a><\/li><li><a href=\"http:\/\/fdb.fjon.de\/?p=27652\">K\u00f6nige der Sonne (1963)<\/a><\/li><li><a href=\"http:\/\/fdb.fjon.de\/?p=4426\">Leiche zum Dessert, Eine (1976)<\/a><\/li><li><a href=\"http:\/\/fdb.fjon.de\/?p=14620\">Leoparden k\u00fc\u00dft man nicht (1938)<\/a><\/li><li><a href=\"http:\/\/fdb.fjon.de\/?p=66480\">Louis und seine au\u00dferirdischen Kohlk\u00f6pfe (La soupe aux choux) (1981)<\/a><\/li><li><a href=\"http:\/\/fdb.fjon.de\/?p=66478\">Louis&#8216; unheimliche Begegnung mit den Au\u00dferirdischen (Le gendarme et les extra-terrestres) (1979)<\/a><\/li><li><a href=\"http:\/\/fdb.fjon.de\/?p=23043\">Louis, das Schlitzohr &#8211; Scharfe Sachen f\u00fcr Monsieur (Le corniaud) (1964)<\/a><\/li><li><a href=\"http:\/\/fdb.fjon.de\/?p=4015\">Louis, der Geizkragen (1979) &#8211; UNCUT<\/a><\/li><li><a href=\"http:\/\/fdb.fjon.de\/?p=4178\">Man nennt mich Hondo (1953)<\/a><\/li><li><a href=\"http:\/\/fdb.fjon.de\/?p=400\">Mann, der zuviel wusste, Der (1956)<\/a><\/li><li><a href=\"http:\/\/fdb.fjon.de\/?p=15924\">Mein Mann, das Wirtschaftswunder (1961)<\/a><\/li><li><a href=\"http:\/\/fdb.fjon.de\/?p=4466\">Miss Marple &#8211; Der Wachsblumenstrau\u00df (1963)<\/a><\/li><li><a href=\"http:\/\/fdb.fjon.de\/?p=4450\">Miss Marple &#8211; M\u00f6rder ahoi! (1964)<\/a><\/li><li><a href=\"http:\/\/fdb.fjon.de\/?p=11484\">Miss Marple: Vier Frauen und ein Mord (1964)<\/a><\/li><li><a href=\"http:\/\/fdb.fjon.de\/?p=1416\">Mit Dynamit und frommen Spr\u00fcchen (Rooster Cogburn) (1975)<\/a><\/li><li><a href=\"http:\/\/fdb.fjon.de\/?p=68062\">Mohn ist auch eine Blume (Poppies Are Also Flowers) (1966) &#8211; [UNCUT]<\/a><\/li><li><a href=\"http:\/\/fdb.fjon.de\/?p=63584\">Olympia, 1. Teil &#8211; Fest der V\u00f6lker (1938)<\/a><\/li><li><a href=\"http:\/\/fdb.fjon.de\/?p=63582\">Olympia, 2. Teil &#8211; Fest der Sch\u00f6nheit (1938)<\/a><\/li><li><a href=\"http:\/\/fdb.fjon.de\/?p=20280\">Oscar &#8211; Louis der Traumt\u00e4nzer (1967)<\/a><\/li><li><a href=\"http:\/\/fdb.fjon.de\/?p=302\">Pippi geht von Bord (1969)<\/a><\/li><li><a href=\"http:\/\/fdb.fjon.de\/?p=4512\">Planet der Affen (1968)<\/a><\/li><li><a href=\"http:\/\/fdb.fjon.de\/?p=70826\">Planet der Affen [BD] (1968) \u2013 [SPECIAL DOUBLE FEATURE EDITION]<\/a><\/li><li><a href=\"http:\/\/fdb.fjon.de\/?p=4516\">Planet der Affen: Die Schlacht um den Planet der Affen (1973)<\/a><\/li><li><a href=\"http:\/\/fdb.fjon.de\/?p=3856\">Planet der Affen: Eroberung vom Planet der Affen (1972)<\/a><\/li><li><a href=\"http:\/\/fdb.fjon.de\/?p=3859\">Planet der Affen: Flucht vom Planet der Affen (1971)<\/a><\/li><li><a href=\"http:\/\/fdb.fjon.de\/?p=4514\">Planet der Affen: R\u00fcckkehr zum Planet der Affen (1970)<\/a><\/li><li><a href=\"http:\/\/fdb.fjon.de\/?p=67632\">Planet des Schreckens (Galaxy of Terror) (1981) &#8211; [UNCUT]<\/a><\/li><li><a href=\"http:\/\/fdb.fjon.de\/?p=2887\">Psycho (1960)<\/a><\/li><li><a href=\"http:\/\/fdb.fjon.de\/?p=8410\">Querkopf, Der (1978)<\/a><\/li><li><a href=\"http:\/\/fdb.fjon.de\/?p=63578\">Reise in die Urwelt (Reise in die Urzeit) (Cesta do Praveku) (1955)<\/a><\/li><li><a href=\"http:\/\/fdb.fjon.de\/?p=79862\">Salon Kitty (1976) &#8211; [UNRATED]<\/a><\/li><li><a href=\"http:\/\/fdb.fjon.de\/?p=108067\">Salon Kitty [BD] (1976) &#8211; [LIMITED MEDIABOOK EDITION] &#8211; [UNRATED]<\/a><\/li><li><a href=\"http:\/\/fdb.fjon.de\/?p=108065\">Salon Kitty [DD] (1976) &#8211; [LIMITED MEDIABOOK EDITION] &#8211; [UNRATED]<\/a><\/li><li><a href=\"http:\/\/fdb.fjon.de\/?p=66476\">Scharfe Kurven f\u00fcr Madame &#8211; Oscar hat die Hosen voll (Le grand restaurant) (1966)<\/a><\/li><li><a href=\"http:\/\/fdb.fjon.de\/?p=16228\">Schrecken vom Amazonas, Der (1954)<\/a><\/li><li><a href=\"http:\/\/fdb.fjon.de\/?p=45905\">Schut, Der (1964)<\/a><\/li><li><a href=\"http:\/\/fdb.fjon.de\/?p=4460\">Schwarze Falke, Der (1956)<\/a><\/li><li><a href=\"http:\/\/fdb.fjon.de\/?p=70792\">Sein Freund Jello (Old Yeller) (1957)<\/a><\/li><li><a href=\"http:\/\/fdb.fjon.de\/?p=54322\">Sie k\u00fc\u00dften und sie schlugen ihn (Les quatre cents coups) (1959)<\/a><\/li><li><a href=\"http:\/\/fdb.fjon.de\/?p=1854\">Sindbads gef\u00e4hrliche Abenteuer (1973)<\/a><\/li><li><a href=\"http:\/\/fdb.fjon.de\/?p=68118\">So ein Million\u00e4r hat&#8217;s schwer (1958)<\/a><\/li><li><a href=\"http:\/\/fdb.fjon.de\/?p=1584\">Tarzan in Gefahr (1948)<\/a><\/li><li><a href=\"http:\/\/fdb.fjon.de\/?p=1587\">Tarzan und die Nazis (Tarzans Triumph) (1943)<\/a><\/li><li><a href=\"http:\/\/fdb.fjon.de\/?p=899\">Tarzan wird gejagt (1947)<\/a><\/li><li><a href=\"http:\/\/fdb.fjon.de\/?p=1591\">Tarzans geheimer Schatz (1941)<\/a><\/li><li><a href=\"http:\/\/fdb.fjon.de\/?p=1594\">Tarzans Rache (1936)<\/a><\/li><li><a href=\"http:\/\/fdb.fjon.de\/?p=10546\">Testament des Dr. Mabuse, Das (1933) &#8211; [UNCUT]<\/a><\/li><li><a href=\"http:\/\/fdb.fjon.de\/?p=45681\">Tiger von Eschnapur, Der (1959)<\/a><\/li><li><a href=\"http:\/\/fdb.fjon.de\/?p=15746\">Trommeln des Todes (Apache Drums) (1951)<\/a><\/li><li><a href=\"http:\/\/fdb.fjon.de\/?p=125644\">Verh\u00f6r, Das (Garde \u00e0 vue) (1981)<\/a><\/li><li><a href=\"http:\/\/fdb.fjon.de\/?p=1653\">V\u00f6gel, Die (1963)<\/a><\/li><li><a href=\"http:\/\/fdb.fjon.de\/?p=16591\">Voller Wunder ist das Leben (A Kid for Two Farthings) (1955)<\/a><\/li><li><a href=\"http:\/\/fdb.fjon.de\/?p=66474\">Was ist denn blo\u00df mit Willi los? (Gr\u00fc\u00df Sie Gott, Frau Stirnima) (1970)<\/a><\/li><li><a href=\"http:\/\/fdb.fjon.de\/?p=196\">Wenn das Blut kocht (1959)<\/a><\/li><li><a href=\"http:\/\/fdb.fjon.de\/?p=11552\">Wildg\u00e4nse kommen, Die (The Wild Geese) (1978) &#8211; [UNCUT]<\/a><\/li><li><a href=\"http:\/\/fdb.fjon.de\/?p=11554\">Wildg\u00e4nse kommen, Die (The Wild Geese) (1978) &#8211; [UNCUT]<\/a><\/li><li><a href=\"http:\/\/fdb.fjon.de\/?p=60380\">Wildg\u00e4nse kommen, Die (The Wild Geese) [BD] (1978) &#8211; [UNCUT]<\/a><\/li><li><a href=\"http:\/\/fdb.fjon.de\/?p=165\">Winnetou &#8211; Der \u00d6lprinz (1965)<\/a><\/li><li><a href=\"http:\/\/fdb.fjon.de\/?p=45241\">Winnetou &#8211; Der \u00d6lprinz [BD] (1965) \u2013 [SPECIAL COLLECTORS EDITION NO.2]<\/a><\/li><li><a href=\"http:\/\/fdb.fjon.de\/?p=11828\">Winnetou &#8211; Der Schatz im Silbersee (1962)<\/a><\/li><li><a href=\"http:\/\/fdb.fjon.de\/?p=11830\">Winnetou &#8211; Der Schatz im Silbersee (1962)<\/a><\/li><li><a href=\"http:\/\/fdb.fjon.de\/?p=45223\">Winnetou &#8211; Der Schatz im Silbersee [BD] (1962) &#8211; [SPECIAL COLLECTORS EDITION NO.1]<\/a><\/li><li><a href=\"http:\/\/fdb.fjon.de\/?p=45280\">Winnetou &#8211; Old Surehand [BD] (1965) \u2013 [SPECIAL COLLECTORS EDITION NO.2]<\/a><\/li><li><a href=\"http:\/\/fdb.fjon.de\/?p=13153\">Winnetou &#8211; Unter Geiern (1964)<\/a><\/li><li><a href=\"http:\/\/fdb.fjon.de\/?p=45246\">Winnetou &#8211; Unter Geiern [BD] (1964) \u2013 [SPECIAL COLLECTORS EDITION NO.2]<\/a><\/li><li><a href=\"http:\/\/fdb.fjon.de\/?p=11562\">Winnetou I (1963)<\/a><\/li><li><a href=\"http:\/\/fdb.fjon.de\/?p=44432\">Winnetou I [BD] (1963) &#8211; [SPECIAL BOX EDITION &#8211; TEILE 1-3]<\/a><\/li><li><a href=\"http:\/\/fdb.fjon.de\/?p=11567\">Winnetou II (1964)<\/a><\/li><li><a href=\"http:\/\/fdb.fjon.de\/?p=11569\">Winnetou II (1964)<\/a><\/li><li><a href=\"http:\/\/fdb.fjon.de\/?p=44438\">Winnetou II [BD] (1964) &#8211; [SPECIAL BOX EDITION &#8211; TEILE 1-3]<\/a><\/li><li><a href=\"http:\/\/fdb.fjon.de\/?p=11564\">Winnetou III (1965)<\/a><\/li><li><a href=\"http:\/\/fdb.fjon.de\/?p=11566\">Winnetou III (1965)<\/a><\/li><li><a href=\"http:\/\/fdb.fjon.de\/?p=44447\">Winnetou III [BD] (1965) &#8211; [SPECIAL BOX EDITION &#8211; TEILE 1-3]<\/a><\/li><li><a href=\"http:\/\/fdb.fjon.de\/?p=29541\">Winnetou und das Halbblut Apanatschi (1966)<\/a><\/li><li><a href=\"http:\/\/fdb.fjon.de\/?p=29543\">Winnetou und das Halbblut Apanatschi (1966)<\/a><\/li><li><a href=\"http:\/\/fdb.fjon.de\/?p=45225\">Winnetou und das Halbblut Apanatschi [BD] (1966) \u2013 [SPECIAL COLLECTORS EDITION NO.1]<\/a><\/li><li><a href=\"http:\/\/fdb.fjon.de\/?p=11571\">Winnetou und sein Freund Old Firehand (1966)<\/a><\/li><li><a href=\"http:\/\/fdb.fjon.de\/?p=45236\">Winnetou und sein Freund Old Firehand [BD] (1966) \u2013 [SPECIAL COLLECTORS EDITION NO.1]<\/a><\/li><li><a href=\"http:\/\/fdb.fjon.de\/?p=11573\">Winnetou und Shatterhand im Tal der Toten (1968)<\/a><\/li><li><a href=\"http:\/\/fdb.fjon.de\/?p=126502\">Winterhawk (R.E.D. &#8211; Das Wiegenlied der Rache) (1975)<\/a><\/li><\/ul><\/span><\/strong><\/p>\n<hr style=\"height: 3px; width: 100%; background-color: #eb4747;\" \/>\n","protected":false},"excerpt":{"rendered":"<p>&nbsp;<\/p>\n","protected":false},"author":1,"featured_media":0,"parent":44243,"menu_order":0,"comment_status":"closed","ping_status":"closed","template":"","meta":{"footnotes":""},"_links":{"self":[{"href":"http:\/\/fdb.fjon.de\/index.php?rest_route=\/wp\/v2\/pages\/46250"}],"collection":[{"href":"http:\/\/fdb.fjon.de\/index.php?rest_route=\/wp\/v2\/pages"}],"about":[{"href":"http:\/\/fdb.fjon.de\/index.php?rest_route=\/wp\/v2\/types\/page"}],"author":[{"embeddable":true,"href":"http:\/\/fdb.fjon.de\/index.php?rest_route=\/wp\/v2\/users\/1"}],"replies":[{"embeddable":true,"href":"http:\/\/fdb.fjon.de\/index.php?rest_route=%2Fwp%2Fv2%2Fcomments&post=46250"}],"version-history":[{"count":0,"href":"http:\/\/fdb.fjon.de\/index.php?rest_route=\/wp\/v2\/pages\/46250\/revisions"}],"up":[{"embeddable":true,"href":"http:\/\/fdb.fjon.de\/index.php?rest_route=\/wp\/v2\/pages\/44243"}],"wp:attachment":[{"href":"http:\/\/fdb.fjon.de\/index.php?rest_route=%2Fwp%2Fv2%2Fmedia&parent=46250"}],"curies":[{"name":"wp","href":"https:\/\/api.w.org\/{rel}","templated":true}]}}