{"id":18585,"date":"2014-01-07T12:40:06","date_gmt":"2014-01-07T11:40:06","guid":{"rendered":"http:\/\/fdb.fjon.de\/?page_id=18585"},"modified":"2017-12-07T09:47:27","modified_gmt":"2017-12-07T08:47:27","slug":"favoriten","status":"publish","type":"page","link":"http:\/\/fdb.fjon.de\/?page_id=18585","title":{"rendered":"FAVORITEN"},"content":{"rendered":"<p>&nbsp;<\/p>\n<p style=\"text-align: center;\"><strong><span style=\"color: #ff0000;\">\u00a0<\/span><\/strong><\/p>\n<p><strong><span style=\"font-size: 14pt;\">[wp-favorite-posts]<\/span><\/strong><\/p>\n<hr style=\"height: 3px; width: 100%; background-color: #eb4747;\" \/>\n<h3 style=\"text-align: center;\"><\/h3>\n<p><span style=\"text-decoration: underline;\"><strong>Favoriten(liste) [Erl\u00e4uterungen]:<\/strong><\/span><\/p>\n<p style=\"text-align: justify;\"><em><span style=\"color: #333333;\">Es gibt zwei M\u00f6glichkeiten, sich eine Favoritenliste anzulegen:<\/span><\/em><br \/>\n<span style=\"color: #333333;\"><br \/>\n<strong>1. Speicherung \u00fcber Cookies\/Cache im Browser.<\/strong><br \/>\n<span style=\"color: #008000;\">Vorteil: Keine &#8222;Anmeldung&#8220; in WordPress erforderlich.<\/span><br \/>\n<span style=\"color: #ff0000;\">Nachteile: Bei &#8222;Wartungsarbeiten&#8220; am Browser, z.B. Cache leeren, wird auch die Favoritenliste mit gel\u00f6scht.<\/span> <span style=\"color: #ff0000;\"><strong>Standort- und browserabh\u00e4ngig! <span style=\"background-color: #ffff00;\">[sehr unzuverl\u00e4ssig]<\/span><\/strong><\/span><\/span><\/p>\n<p style=\"text-align: justify;\"><strong><br \/>\n2. Speicherung direkt \u00fcber den WordPress-&#8222;Account&#8220;. <span style=\"background-color: #ffff00;\">[empfohlen]<\/span><\/strong><br \/>\n<span style=\"color: #008000;\">Vorteile: Favoritenliste ist fest mit dem WordPress-Login verkn\u00fcpft und bleibt immer erhalten.<\/span> <span style=\"color: #008000;\"><strong>Standort- und browserunabh\u00e4ngig! <span style=\"background-color: #ffff00;\">[h\u00f6chst zuverl\u00e4ssig]<\/span><\/strong><\/span><br \/>\n<span style=\"color: #ff0000;\">Nachteil: &#8222;Anmeldung&#8220; in WordPress erforderlich.<\/span><\/p>\n","protected":false},"excerpt":{"rendered":"<p>&nbsp; \u00a0 [wp-favorite-posts] Favoriten(liste) [Erl\u00e4uterungen]: Es gibt zwei M\u00f6glichkeiten, sich eine Favoritenliste anzulegen: 1. Speicherung \u00fcber Cookies\/Cache im Browser. Vorteil: Keine &#8222;Anmeldung&#8220; in WordPress erforderlich. Nachteile: Bei &#8222;Wartungsarbeiten&#8220; am Browser, z.B. Cache leeren, wird auch die Favoritenliste mit gel\u00f6scht. Standort- und browserabh\u00e4ngig! [sehr unzuverl\u00e4ssig] 2. Speicherung direkt \u00fcber den WordPress-&#8222;Account&#8220;. [empfohlen] Vorteile: Favoritenliste ist fest mit dem WordPress-Login verkn\u00fcpft und<\/p>\n","protected":false},"author":1,"featured_media":125312,"parent":0,"menu_order":3,"comment_status":"closed","ping_status":"closed","template":"","meta":{"footnotes":""},"_links":{"self":[{"href":"http:\/\/fdb.fjon.de\/index.php?rest_route=\/wp\/v2\/pages\/18585"}],"collection":[{"href":"http:\/\/fdb.fjon.de\/index.php?rest_route=\/wp\/v2\/pages"}],"about":[{"href":"http:\/\/fdb.fjon.de\/index.php?rest_route=\/wp\/v2\/types\/page"}],"author":[{"embeddable":true,"href":"http:\/\/fdb.fjon.de\/index.php?rest_route=\/wp\/v2\/users\/1"}],"replies":[{"embeddable":true,"href":"http:\/\/fdb.fjon.de\/index.php?rest_route=%2Fwp%2Fv2%2Fcomments&post=18585"}],"version-history":[{"count":0,"href":"http:\/\/fdb.fjon.de\/index.php?rest_route=\/wp\/v2\/pages\/18585\/revisions"}],"wp:featuredmedia":[{"embeddable":true,"href":"http:\/\/fdb.fjon.de\/index.php?rest_route=\/wp\/v2\/media\/125312"}],"wp:attachment":[{"href":"http:\/\/fdb.fjon.de\/index.php?rest_route=%2Fwp%2Fv2%2Fmedia&parent=18585"}],"curies":[{"name":"wp","href":"https:\/\/api.w.org\/{rel}","templated":true}]}}