{"id":15342,"date":"2013-09-17T14:21:01","date_gmt":"2013-09-17T12:21:01","guid":{"rendered":"http:\/\/fdb.fjon.de\/?page_id=15342"},"modified":"2017-11-27T10:28:07","modified_gmt":"2017-11-27T09:28:07","slug":"fsk","status":"publish","type":"page","link":"http:\/\/fdb.fjon.de\/?page_id=15342","title":{"rendered":"FSK"},"content":{"rendered":"<p><br \/>\n<div id=\"ccchildpages-1\" class=\"ccchildpages twocol simple ccclearfix\"><div class=\"ccchildpage  ccfirst ccodd ccpage-count-1 ccpage-id-14566 ccpage-allgemeines ccpage-has-parent ccpage-pid-14561 ccpage-parent-info\"><h3 class=\"ccpage_linked_title\"><a class=\"ccpage_title_link\" href=\"http:\/\/fdb.fjon.de\/?page_id=14566\" title=\"Allgemeines\">Allgemeines<\/a><\/h3><\/div><div class=\"ccchildpage  cclast cceven ccpage-count-2 ccpage-id-18641 ccpage-fan-base ccpage-has-parent ccpage-pid-14561 ccpage-parent-info\"><h3 class=\"ccpage_linked_title\"><a class=\"ccpage_title_link\" href=\"http:\/\/fdb.fjon.de\/?page_id=18641\" title=\"Crew\">Crew<\/a><\/h3><\/div><div class=\"ccchildpage  ccfirst ccodd ccpage-count-3 ccpage-id-15342 ccpage-fsk ccpage-has-parent ccpage-pid-14561 ccpage-parent-info active current-page cccurrent\"><h3 class=\"ccpage_linked_title\"><a class=\"ccpage_title_link\" href=\"http:\/\/fdb.fjon.de\/?page_id=15342\" title=\"FSK\">FSK<\/a><\/h3><\/div><div class=\"ccchildpage  cclast cceven ccpage-count-4 ccpage-id-16097 ccpage-fundstuecke ccpage-has-parent ccpage-pid-14561 ccpage-parent-info\"><h3 class=\"ccpage_linked_title\"><a class=\"ccpage_title_link\" href=\"http:\/\/fdb.fjon.de\/?page_id=16097\" title=\"Media\">Media<\/a><\/h3><\/div><div class=\"ccchildpage  ccfirst ccodd ccpage-count-5 ccpage-id-15311 ccpage-kinostarts ccpage-has-parent ccpage-pid-14561 ccpage-parent-info\"><h3 class=\"ccpage_linked_title\"><a class=\"ccpage_title_link\" href=\"http:\/\/fdb.fjon.de\/?page_id=15311\" title=\"Termine\">Termine<\/a><\/h3><\/div><\/div><br \/>\n<div id=\"ccchildpages-2\" class=\"ccchildpages twocol ccred ccclearfix\"><div class=\"ccchildpage  ccfirst ccodd ccpage-count-1 ccpage-id-15340 ccpage-fsk-flyer ccpage-has-parent ccpage-pid-15342 ccpage-parent-fsk\"><h3 class=\"ccpage_linked_title\"><a class=\"ccpage_title_link\" href=\"http:\/\/fdb.fjon.de\/?page_id=15340\" title=\"Flyer\">Flyer<\/a><\/h3><\/div><div class=\"ccchildpage  cclast cceven ccpage-count-2 ccpage-id-15330 ccpage-interview-fsk ccpage-has-parent ccpage-pid-15342 ccpage-parent-fsk\"><h3 class=\"ccpage_linked_title\"><a class=\"ccpage_title_link\" href=\"http:\/\/fdb.fjon.de\/?page_id=15330\" title=\"Interview\">Interview<\/a><\/h3><\/div><div class=\"ccchildpage  ccfirst ccodd ccpage-count-3 ccpage-id-15338 ccpage-fsk-mythos ccpage-has-parent ccpage-pid-15342 ccpage-parent-fsk\"><h3 class=\"ccpage_linked_title\"><a class=\"ccpage_title_link\" href=\"http:\/\/fdb.fjon.de\/?page_id=15338\" title=\"Mythos\">Mythos<\/a><\/h3><\/div><div class=\"ccchildpage  cclast cceven ccpage-count-4 ccpage-id-15336 ccpage-fsk-prufverfahren ccpage-has-parent ccpage-pid-15342 ccpage-parent-fsk\"><h3 class=\"ccpage_linked_title\"><a class=\"ccpage_title_link\" href=\"http:\/\/fdb.fjon.de\/?page_id=15336\" title=\"Pr\u00fcfverfahren\">Pr\u00fcfverfahren<\/a><\/h3><\/div><\/div><\/p>\n<hr style=\"height: 3px; width: 100%; background-color: #eb4747;\" \/>\n<p>&nbsp;<\/p>\n<p style=\"text-align: left;\"><span style=\"color: #ffffff; font-size: 14pt; background-color: #eb4747;\"><strong><span style=\"text-decoration: underline;\">\u00a0E-MAIL AN FSK\/SPIO:\u00a0<\/span><\/strong><\/span><\/p>\n<p>&nbsp;<\/p>\n<p><span style=\"font-size: 14pt;\"><strong>Sehr geehrte Damen und Herren,<\/strong><\/span><\/p>\n<p><span style=\"font-size: 14pt;\"><strong>eins vorweg: Jugendschutz ist wichtig und ich pers\u00f6nlich\u00a0sorge sehr gewissenhaft daf\u00fcr, dass meine DVD\/BluRay Sammlung nur einem entsprechenden (vollj\u00e4hrigen) \u201ePublikum\u201c zug\u00e4nglich ist.<\/strong><\/span><\/p>\n<p><span style=\"font-size: 14pt;\"><strong>Je mehr ich mich aber mit Altersfreigaben (FSK18\/SPIO) befasse, desto weniger sehe ich eine stringente\/einheitliche bzw. \u201efaire\u201c Vorgehensweise bei der Bewertung\/Einstufung von Filmen.<\/strong><\/span><\/p>\n<p><span style=\"font-size: 14pt;\"><strong>Mein (subjektiver) Eindruck ist, dass Splatter-\/Torture-Filme von gro\u00dfen US-Studios wie Fox und Universal generell leichter und ehr das FSK18 bzw. SPIO Siegel erhalten, als kleinere Produktionsfirmen wie z.B. Matador-Film. Aktuelles Beispiel: Joy Ride 3 von FOX hat sogar das \u201eleichte\u201c FSK18-Siegel erhalten- trotz der sehr brutalen Anfangsszene. Verstehe ich nicht\u2026<\/strong><\/span><\/p>\n<p><span style=\"font-size: 14pt;\"><strong>Bei kleineren Labels wie z.B. \u201eMatador-Film\u201c hingegen, kommt es mit so vor, dass \u00a0zun\u00e4chst immer eine Ablehnung erfolgt\u2013 also doch eine Frage des Geldes??? Soviel ich wei\u00df muss jeder weitere Pr\u00fcfvorgang erneut bezahlt werden\u2026<\/strong><\/span><\/p>\n<p><span style=\"font-size: 14pt;\"><strong>Apropos Filmschnitte: Warum wurde \u201eDaddys Little Girl\u201c von der FSK eigentlich \u201edurchgewunken\u201c und \u201eThe Tortured \u2013 Das Gesetz der Vergeltung\u201c komplett zerschnitten, obwohl die Filme sehr identisch sind und das \u201eKopfkino\u201c bei \u201eDaddys Little Girl\u201c meines Erachtens sogar gr\u00f6\u00dfer ist? Evtl. des Film-Endes wegen- \u201egutes\u201c Ende \/ \u201eb\u00f6ses\u201c Ende? Verstehe ich trotzdem noch einmal nicht\u2026<\/strong><\/span><\/p>\n<p><span style=\"font-size: 14pt;\"><strong>Bitte erlauben Sie mir eine\u00a0letzte Frage: Meint die FSK eigentlich wirklich, dass es durch die Freigabe oben genannter Filme mehr Gewalttaten in Deutschland geben w\u00fcrde. Beispiel: \u201eThe Collector\u201c: Bei uns nur geschnitten zu bekommen und in den Niederlanden schon ab 16 Jahren frei gegeben. Hat es in Holland schon einmal einen (Schul-) Amoklauf gegeben- nein! F\u00fcr mich wie gesagt alles vorgeschoben und am Ende doch nur Geldmacherei. Die\u00a0\u201ceinschl\u00e4gigen\u201d Filme kann man sp\u00e4ter eh alle, als \u00fcberteuerte Mediabooks (\u00d6sterreichimport), bei Amazon &amp; Co. kaufen.<\/strong><\/span><\/p>\n<p><span style=\"font-size: 14pt;\"><strong>Heute Nacht l\u00e4uft \u00fcbrigens \u201eTexas Chainsaw Massacre \u2013 The Beginning\u201c in der FSK18 (74 Minuten) Kinderfassung auf Pro7. Das Original hat eine Laufzeit von 96 Minuten- es fehlen mehr als 20 Minuten!!! So \u00a0muss\/darf man einen Film nicht zeigen (habe ich Pro 7 auch bereits \u201emitgeteilt\u201c) und er darf so auch nicht in die Regale deutscher Videotheken. Aus meiner Sicht (sorry) \u201eVerar****\u201c am Kunden. Der Film ist in der FSK18-Fassung wirklich Schrott und in der Originalfassung sogar einer meiner Lieblingsfilme. Mein Wunsch w\u00e4re hier, wie seiner Zeit bei VHS-Tapes \u00fcblich, eine vorgeschriebene, deutliche Kennzeichnung auf dem Cover \"GEK\u00dcRZTE FASSUNG\" (von mir aus noch mit folgender Unterscheidung: Schnittl\u00e4nge &lt; 5%\u00a0der Gesamtfilml\u00e4nge \"gek\u00fcrzte Fassung\" \u00a0&gt;= 5% der Gesamtfilml\u00e4nge \"stark gek\u00fcrzte Fassung\").<\/strong><\/span><\/p>\n<p><span style=\"font-size: 14pt;\"><strong>Was mich pers\u00f6nlich auch noch \u201est\u00f6rt\u201c, ist die st\u00e4ndige Jugendschutz-PIN Eingabe bei TV-Programen oder vielmehr, dass man diese in einem 1-Personenhaushalt nicht permanent abschalten\/deaktivieren kann.<\/strong><\/span><\/p>\n<p><span style=\"font-size: 14pt;\"><strong>So: Das wollte ich immer schon einmal los werden. Nichts f\u00fcr ungut\u2026.<\/strong><\/span><\/p>\n<p>&nbsp;<\/p>\n<p><span style=\"font-size: 14pt;\"><strong>Vielen Dank f\u00fcr Ihre Zeit und freundliche Gr\u00fc\u00dfe,<\/strong><\/span><\/p>\n<p><span style=\"font-size: 14pt;\"><strong>xxxxxxx xxxxxxx<\/strong><\/span><\/p>\n","protected":false},"excerpt":{"rendered":"<p>&nbsp; \u00a0E-MAIL AN FSK\/SPIO:\u00a0 &nbsp; Sehr geehrte Damen und Herren, eins vorweg: Jugendschutz ist wichtig und ich pers\u00f6nlich\u00a0sorge sehr gewissenhaft daf\u00fcr, dass meine DVD\/BluRay Sammlung nur einem entsprechenden (vollj\u00e4hrigen) \u201ePublikum\u201c zug\u00e4nglich ist. Je mehr ich mich aber mit Altersfreigaben (FSK18\/SPIO) befasse, desto weniger sehe ich eine stringente\/einheitliche bzw. \u201efaire\u201c Vorgehensweise bei der Bewertung\/Einstufung von Filmen. Mein (subjektiver) Eindruck ist, dass<\/p>\n","protected":false},"author":1,"featured_media":125022,"parent":14561,"menu_order":0,"comment_status":"closed","ping_status":"closed","template":"","meta":{"footnotes":""},"_links":{"self":[{"href":"http:\/\/fdb.fjon.de\/index.php?rest_route=\/wp\/v2\/pages\/15342"}],"collection":[{"href":"http:\/\/fdb.fjon.de\/index.php?rest_route=\/wp\/v2\/pages"}],"about":[{"href":"http:\/\/fdb.fjon.de\/index.php?rest_route=\/wp\/v2\/types\/page"}],"author":[{"embeddable":true,"href":"http:\/\/fdb.fjon.de\/index.php?rest_route=\/wp\/v2\/users\/1"}],"replies":[{"embeddable":true,"href":"http:\/\/fdb.fjon.de\/index.php?rest_route=%2Fwp%2Fv2%2Fcomments&post=15342"}],"version-history":[{"count":0,"href":"http:\/\/fdb.fjon.de\/index.php?rest_route=\/wp\/v2\/pages\/15342\/revisions"}],"up":[{"embeddable":true,"href":"http:\/\/fdb.fjon.de\/index.php?rest_route=\/wp\/v2\/pages\/14561"}],"wp:featuredmedia":[{"embeddable":true,"href":"http:\/\/fdb.fjon.de\/index.php?rest_route=\/wp\/v2\/media\/125022"}],"wp:attachment":[{"href":"http:\/\/fdb.fjon.de\/index.php?rest_route=%2Fwp%2Fv2%2Fmedia&parent=15342"}],"curies":[{"name":"wp","href":"https:\/\/api.w.org\/{rel}","templated":true}]}}